{"id":103,"date":"2016-02-25T14:04:37","date_gmt":"2016-02-25T13:04:37","guid":{"rendered":"http:\/\/localhost\/wordpress\/?page_id=103"},"modified":"2018-03-10T14:36:54","modified_gmt":"2018-03-10T13:36:54","slug":"logisztika","status":"publish","type":"page","link":"https:\/\/karakter2000.hu\/index.php\/logisztika\/","title":{"rendered":"Logisztika, rakt\u00e1rak"},"content":{"rendered":"<h2 style=\"text-align: center;\"><span style=\"color: #3366ff;\"><strong>Ha logisztika, rakt\u00e1r akkor<\/strong><\/span><\/h2>\n<ul>\n<li>nek\u00fcnk mindegy, hogy egy rakt\u00e1ra vagy ak\u00e1r t\u00f6bb sz\u00e1z rakt\u00e1rb\u00f3l \u00e1ll\u00f3 rakt\u00e1rb\u00e1zisa van,<\/li>\n<li>\u00e9s az is mindegy, hogy ezek f\u00f6ldrajzilag egy helyen vagy ak\u00e1r a F\u00f6ld k\u00fcl\u00f6nb\u00f6z\u0151 pontjain tal\u00e1lhat\u00f3k,<\/li>\n<li>seg\u00edt\u00fcnk, ha rakt\u00e1r\u00e1ban a &#8216;klasszikus&#8217; pap\u00edr\/ceruza alap\u00fa tev\u00e9kenys\u00e9g folyik \u00e9s akkor is ha a legmodernebb egyedi k\u00e9szlet <a href=\"http:\/\/karakter2000.hu\/index.php\/azonositas\/\">azonos\u00edt\u00f3j\u00fa<\/a> megold\u00e1sokat haszn\u00e1lja,<\/li>\n<li>vagy ha <a href=\"http:\/\/karakter2000.hu\/index.php\/azonositas\/\">rakt\u00e1ri mobil termin\u00e1ljai<\/a> a hagyom\u00e1nyos vonalk\u00f3ddal, QR k\u00f3ddal vagy RFID technol\u00f3gi\u00e1val m\u0171k\u00f6dnek,<\/li>\n<li>\u00e9s rakt\u00e1raiban az \u00e1ru mozoghat manu\u00e1lisan, emberek \u00e1ltal k\u00f6zvetlen\u00fcl ir\u00e1ny\u00edtva vagy automatikusan, el\u0151re meghat\u00e1rozott szab\u00e1lyok szerint.<\/li>\n<\/ul>\n<p>&nbsp;<\/p>\n<table style=\"height: 118px;\" width=\"748\">\n<tbody>\n<tr>\n<td style=\"text-align: center; vertical-align: middle;\"><img loading=\"lazy\" decoding=\"async\" class=\"wp-image-234 aligncenter\" src=\"\/wp-content\/uploads\/2016\/02\/telefon_icon.png\" alt=\"\" width=\"79\" height=\"84\" \/><\/td>\n<td>\n<h4 style=\"text-align: center;\"><strong>Siker\u00fclt felkelten\u00fcnk az \u00e9rdekl\u0151d\u00e9s\u00e9t?<br \/>\nKeressen meg <a href=\"\/index.php\/kapcsolat\/\">minket<\/a>,<br \/>\n<\/strong><strong> hogy egy\u00fctt m\u00e9g sikeresebbek legy\u00fcnk!<\/strong><\/h4>\n<\/td>\n<td style=\"text-align: center; vertical-align: middle;\"><img loading=\"lazy\" decoding=\"async\" class=\"wp-image-234 aligncenter\" src=\"\/wp-content\/uploads\/2016\/02\/telefon_icon.png\" alt=\"\" width=\"79\" height=\"84\" \/><\/td>\n<\/tr>\n<\/tbody>\n<\/table>\n","protected":false},"excerpt":{"rendered":"<p>Ha logisztika, rakt\u00e1r akkor nek\u00fcnk mindegy, hogy egy rakt\u00e1ra vagy ak\u00e1r t\u00f6bb sz\u00e1z rakt\u00e1rb\u00f3l \u00e1ll\u00f3 rakt\u00e1rb\u00e1zisa van, \u00e9s az is mindegy, hogy ezek f\u00f6ldrajzilag egy helyen vagy ak\u00e1r a F\u00f6ld k\u00fcl\u00f6nb\u00f6z\u0151 pontjain tal\u00e1lhat\u00f3k, seg\u00edt\u00fcnk, ha rakt\u00e1r\u00e1ban a &#8216;klasszikus&#8217; pap\u00edr\/ceruza alap\u00fa tev\u00e9kenys\u00e9g folyik \u00e9s akkor is ha a legmodernebb egyedi k\u00e9szlet azonos\u00edt\u00f3j\u00fa megold\u00e1sokat haszn\u00e1lja, vagy ha<\/p>\n","protected":false},"author":1,"featured_media":118,"parent":0,"menu_order":0,"comment_status":"closed","ping_status":"closed","template":"","meta":{"footnotes":""},"yoast_head":"<!-- This site is optimized with the Yoast SEO plugin v22.4 - https:\/\/yoast.com\/wordpress\/plugins\/seo\/ -->\n<title>Logisztika, rakt\u00e1rak - Karakter 2000 Kft.<\/title>\n<meta name=\"description\" content=\"Logisztika, \u00e1rut mozgat, rakt\u00e1roz? Egy rakt\u00e1ra vagy egy eg\u00e9sz rakt\u00e1rb\u00e1zis van? Egyedi azonos\u00edt\u00f3kat haszn\u00e1l vagy \u00f6mlesztve t\u00e1rolja \u00e1ruit? Pap\u00edr alapon vagy mobil rakt\u00e1ri termin\u00e1llal? Mi b\u00e1rmelyik megold\u00e1s\u00e1t t\u00e1mogatjuk.\" \/>\n<meta name=\"robots\" content=\"index, follow, max-snippet:-1, max-image-preview:large, max-video-preview:-1\" \/>\n<link rel=\"canonical\" href=\"https:\/\/karakter2000.hu\/index.php\/logisztika\/\" \/>\n<meta name=\"twitter:label1\" content=\"Becs\u00fclt olvas\u00e1si id\u0151\" \/>\n\t<meta name=\"twitter:data1\" content=\"1 perc\" \/>\n<script type=\"application\/ld+json\" class=\"yoast-schema-graph\">{\"@context\":\"https:\/\/schema.org\",\"@graph\":[{\"@type\":\"WebPage\",\"@id\":\"https:\/\/karakter2000.hu\/index.php\/logisztika\/\",\"url\":\"https:\/\/karakter2000.hu\/index.php\/logisztika\/\",\"name\":\"Logisztika, rakt\u00e1rak - Karakter 2000 Kft.\",\"isPartOf\":{\"@id\":\"https:\/\/karakter2000.hu\/#website\"},\"primaryImageOfPage\":{\"@id\":\"https:\/\/karakter2000.hu\/index.php\/logisztika\/#primaryimage\"},\"image\":{\"@id\":\"https:\/\/karakter2000.hu\/index.php\/logisztika\/#primaryimage\"},\"thumbnailUrl\":\"https:\/\/karakter2000.hu\/wp-content\/uploads\/2016\/02\/perfect_warehouse.jpg\",\"datePublished\":\"2016-02-25T13:04:37+00:00\",\"dateModified\":\"2018-03-10T13:36:54+00:00\",\"description\":\"Logisztika, \u00e1rut mozgat, rakt\u00e1roz? Egy rakt\u00e1ra vagy egy eg\u00e9sz rakt\u00e1rb\u00e1zis van? Egyedi azonos\u00edt\u00f3kat haszn\u00e1l vagy \u00f6mlesztve t\u00e1rolja \u00e1ruit? Pap\u00edr alapon vagy mobil rakt\u00e1ri termin\u00e1llal? Mi b\u00e1rmelyik megold\u00e1s\u00e1t t\u00e1mogatjuk.\",\"breadcrumb\":{\"@id\":\"https:\/\/karakter2000.hu\/index.php\/logisztika\/#breadcrumb\"},\"inLanguage\":\"hu\",\"potentialAction\":[{\"@type\":\"ReadAction\",\"target\":[\"https:\/\/karakter2000.hu\/index.php\/logisztika\/\"]}]},{\"@type\":\"ImageObject\",\"inLanguage\":\"hu\",\"@id\":\"https:\/\/karakter2000.hu\/index.php\/logisztika\/#primaryimage\",\"url\":\"https:\/\/karakter2000.hu\/wp-content\/uploads\/2016\/02\/perfect_warehouse.jpg\",\"contentUrl\":\"https:\/\/karakter2000.hu\/wp-content\/uploads\/2016\/02\/perfect_warehouse.jpg\",\"width\":634,\"height\":256,\"caption\":\"Logisztika\"},{\"@type\":\"BreadcrumbList\",\"@id\":\"https:\/\/karakter2000.hu\/index.php\/logisztika\/#breadcrumb\",\"itemListElement\":[{\"@type\":\"ListItem\",\"position\":1,\"name\":\"Home\",\"item\":\"https:\/\/karakter2000.hu\/\"},{\"@type\":\"ListItem\",\"position\":2,\"name\":\"Logisztika, rakt\u00e1rak\"}]},{\"@type\":\"WebSite\",\"@id\":\"https:\/\/karakter2000.hu\/#website\",\"url\":\"https:\/\/karakter2000.hu\/\",\"name\":\"Karakter 2000 Kft.\",\"description\":\"Tudjuk a megold\u00e1st \u00e9s meg is osztjuk \u00d6nnel!\",\"potentialAction\":[{\"@type\":\"SearchAction\",\"target\":{\"@type\":\"EntryPoint\",\"urlTemplate\":\"https:\/\/karakter2000.hu\/?s={search_term_string}\"},\"query-input\":\"required name=search_term_string\"}],\"inLanguage\":\"hu\"}]}<\/script>\n<!-- \/ Yoast SEO plugin. -->","yoast_head_json":{"title":"Logisztika, rakt\u00e1rak - Karakter 2000 Kft.","description":"Logisztika, \u00e1rut mozgat, rakt\u00e1roz? Egy rakt\u00e1ra vagy egy eg\u00e9sz rakt\u00e1rb\u00e1zis van? Egyedi azonos\u00edt\u00f3kat haszn\u00e1l vagy \u00f6mlesztve t\u00e1rolja \u00e1ruit? Pap\u00edr alapon vagy mobil rakt\u00e1ri termin\u00e1llal? Mi b\u00e1rmelyik megold\u00e1s\u00e1t t\u00e1mogatjuk.","robots":{"index":"index","follow":"follow","max-snippet":"max-snippet:-1","max-image-preview":"max-image-preview:large","max-video-preview":"max-video-preview:-1"},"canonical":"https:\/\/karakter2000.hu\/index.php\/logisztika\/","twitter_misc":{"Becs\u00fclt olvas\u00e1si id\u0151":"1 perc"},"schema":{"@context":"https:\/\/schema.org","@graph":[{"@type":"WebPage","@id":"https:\/\/karakter2000.hu\/index.php\/logisztika\/","url":"https:\/\/karakter2000.hu\/index.php\/logisztika\/","name":"Logisztika, rakt\u00e1rak - Karakter 2000 Kft.","isPartOf":{"@id":"https:\/\/karakter2000.hu\/#website"},"primaryImageOfPage":{"@id":"https:\/\/karakter2000.hu\/index.php\/logisztika\/#primaryimage"},"image":{"@id":"https:\/\/karakter2000.hu\/index.php\/logisztika\/#primaryimage"},"thumbnailUrl":"https:\/\/karakter2000.hu\/wp-content\/uploads\/2016\/02\/perfect_warehouse.jpg","datePublished":"2016-02-25T13:04:37+00:00","dateModified":"2018-03-10T13:36:54+00:00","description":"Logisztika, \u00e1rut mozgat, rakt\u00e1roz? Egy rakt\u00e1ra vagy egy eg\u00e9sz rakt\u00e1rb\u00e1zis van? Egyedi azonos\u00edt\u00f3kat haszn\u00e1l vagy \u00f6mlesztve t\u00e1rolja \u00e1ruit? Pap\u00edr alapon vagy mobil rakt\u00e1ri termin\u00e1llal? Mi b\u00e1rmelyik megold\u00e1s\u00e1t t\u00e1mogatjuk.","breadcrumb":{"@id":"https:\/\/karakter2000.hu\/index.php\/logisztika\/#breadcrumb"},"inLanguage":"hu","potentialAction":[{"@type":"ReadAction","target":["https:\/\/karakter2000.hu\/index.php\/logisztika\/"]}]},{"@type":"ImageObject","inLanguage":"hu","@id":"https:\/\/karakter2000.hu\/index.php\/logisztika\/#primaryimage","url":"https:\/\/karakter2000.hu\/wp-content\/uploads\/2016\/02\/perfect_warehouse.jpg","contentUrl":"https:\/\/karakter2000.hu\/wp-content\/uploads\/2016\/02\/perfect_warehouse.jpg","width":634,"height":256,"caption":"Logisztika"},{"@type":"BreadcrumbList","@id":"https:\/\/karakter2000.hu\/index.php\/logisztika\/#breadcrumb","itemListElement":[{"@type":"ListItem","position":1,"name":"Home","item":"https:\/\/karakter2000.hu\/"},{"@type":"ListItem","position":2,"name":"Logisztika, rakt\u00e1rak"}]},{"@type":"WebSite","@id":"https:\/\/karakter2000.hu\/#website","url":"https:\/\/karakter2000.hu\/","name":"Karakter 2000 Kft.","description":"Tudjuk a megold\u00e1st \u00e9s meg is osztjuk \u00d6nnel!","potentialAction":[{"@type":"SearchAction","target":{"@type":"EntryPoint","urlTemplate":"https:\/\/karakter2000.hu\/?s={search_term_string}"},"query-input":"required name=search_term_string"}],"inLanguage":"hu"}]}},"post_mailing_queue_ids":[],"_links":{"self":[{"href":"https:\/\/karakter2000.hu\/index.php\/wp-json\/wp\/v2\/pages\/103"}],"collection":[{"href":"https:\/\/karakter2000.hu\/index.php\/wp-json\/wp\/v2\/pages"}],"about":[{"href":"https:\/\/karakter2000.hu\/index.php\/wp-json\/wp\/v2\/types\/page"}],"author":[{"embeddable":true,"href":"https:\/\/karakter2000.hu\/index.php\/wp-json\/wp\/v2\/users\/1"}],"replies":[{"embeddable":true,"href":"https:\/\/karakter2000.hu\/index.php\/wp-json\/wp\/v2\/comments?post=103"}],"version-history":[{"count":9,"href":"https:\/\/karakter2000.hu\/index.php\/wp-json\/wp\/v2\/pages\/103\/revisions"}],"predecessor-version":[{"id":573,"href":"https:\/\/karakter2000.hu\/index.php\/wp-json\/wp\/v2\/pages\/103\/revisions\/573"}],"wp:featuredmedia":[{"embeddable":true,"href":"https:\/\/karakter2000.hu\/index.php\/wp-json\/wp\/v2\/media\/118"}],"wp:attachment":[{"href":"https:\/\/karakter2000.hu\/index.php\/wp-json\/wp\/v2\/media?parent=103"}],"curies":[{"name":"wp","href":"https:\/\/api.w.org\/{rel}","templated":true}]}}