{"id":114,"date":"2016-02-25T16:52:33","date_gmt":"2016-02-25T15:52:33","guid":{"rendered":"http:\/\/localhost\/wordpress\/?page_id=114"},"modified":"2018-03-08T18:52:37","modified_gmt":"2018-03-08T17:52:37","slug":"iranyitas","status":"publish","type":"page","link":"https:\/\/karakter2000.hu\/index.php\/iranyitas\/","title":{"rendered":"Ir\u00e1ny\u00edt\u00e1s, ellen\u0151rz\u00e9s"},"content":{"rendered":"<h2>Ir\u00e1ny\u00edt\u00e1s<\/h2>\n<p>Az ir\u00e1ny\u00edt\u00e1s a v\u00e1llalat vezet\u00e9s\u00e9nek minden szintj\u00e9n az egyik leger\u0151sebb kih\u00edv\u00e1s! Szeretne olyan \u00fczleti megold\u00e1sokat alkalmazni, amivel t\u00e9nylegesen \u00d6n ir\u00e1ny\u00edt \u00e9s amivel \u00fagy ellen\u0151rizheti folyamatosan v\u00e1llalkoz\u00e1sa \u00fcgyeit, hogy az\u00e9rt \u00d6nnek \u00e9s vezet\u0151 munkat\u00e1rsainak tulajdonk\u00e9ppen semmit sem kell tennie?<\/p>\n<p>Szeretn\u00e9, ha munkat\u00e1rsai az el\u0151re meghat\u00e1rozott felt\u00e9telek alapj\u00e1n automatikusan kapn\u00e1k meg elv\u00e9gzend\u0151 feladataikat \u00e9s ehhez hasonl\u00f3an el\u0151re meghat\u00e1rozott ellen\u0151rz\u0151 elj\u00e1r\u00e1sok seg\u00edts\u00e9g\u00e9vel automatikusan k\u00f6vethetn\u00e9 ezen feladatok t\u00e9nyleges elv\u00e9gz\u00e9s\u00e9t?<\/p>\n<p style=\"text-align: center;\"><span style=\"color: #3366ff;\"><strong>A v\u00e1lasz igen?<\/strong><\/span><\/p>\n<p style=\"text-align: center;\"><span style=\"color: #3366ff;\"><strong>Seg\u00edt\u00fcnk, hogy el\u00e9rje ezeket a c\u00e9lokat!<\/strong><\/span><\/p>\n<table style=\"height: 118px;\" width=\"748\">\n<tbody>\n<tr>\n<td style=\"text-align: center; vertical-align: middle;\"><img loading=\"lazy\" decoding=\"async\" class=\"wp-image-234 aligncenter\" src=\"\/wp-content\/uploads\/2016\/02\/telefon_icon.png\" alt=\"\" width=\"79\" height=\"84\" \/><\/td>\n<td>\n<h4 style=\"text-align: center;\"><strong>Siker\u00fclt felkelten\u00fcnk az \u00e9rdekl\u0151d\u00e9s\u00e9t?<br \/>\nKeressen meg <a href=\"\/index.php\/kapcsolat\/\">minket<\/a>,<br \/>\n<\/strong><strong> hogy egy\u00fctt m\u00e9g sikeresebbek legy\u00fcnk!<\/strong><\/h4>\n<\/td>\n<td style=\"text-align: center; vertical-align: middle;\"><img loading=\"lazy\" decoding=\"async\" class=\"wp-image-234 aligncenter\" src=\"\/wp-content\/uploads\/2016\/02\/telefon_icon.png\" alt=\"\" width=\"79\" height=\"84\" \/><\/td>\n<\/tr>\n<\/tbody>\n<\/table>\n","protected":false},"excerpt":{"rendered":"<p>Ir\u00e1ny\u00edt\u00e1s Az ir\u00e1ny\u00edt\u00e1s a v\u00e1llalat vezet\u00e9s\u00e9nek minden szintj\u00e9n az egyik leger\u0151sebb kih\u00edv\u00e1s! Szeretne olyan \u00fczleti megold\u00e1sokat alkalmazni, amivel t\u00e9nylegesen \u00d6n ir\u00e1ny\u00edt \u00e9s amivel \u00fagy ellen\u0151rizheti folyamatosan v\u00e1llalkoz\u00e1sa \u00fcgyeit, hogy az\u00e9rt \u00d6nnek \u00e9s vezet\u0151 munkat\u00e1rsainak tulajdonk\u00e9ppen semmit sem kell tennie? Szeretn\u00e9, ha munkat\u00e1rsai az el\u0151re meghat\u00e1rozott felt\u00e9telek alapj\u00e1n automatikusan kapn\u00e1k meg elv\u00e9gzend\u0151 feladataikat \u00e9s ehhez hasonl\u00f3an<\/p>\n","protected":false},"author":1,"featured_media":115,"parent":0,"menu_order":0,"comment_status":"closed","ping_status":"closed","template":"","meta":{"footnotes":""},"yoast_head":"<!-- This site is optimized with the Yoast SEO plugin v22.4 - https:\/\/yoast.com\/wordpress\/plugins\/seo\/ -->\n<title>Ir\u00e1ny\u00edt\u00e1s, ellen\u0151rz\u00e9s - Karakter 2000 Kft.<\/title>\n<meta name=\"description\" content=\"A v\u00e1llalat ir\u00e1ny\u00edt\u00e1s elk\u00e9peszt\u0151en \u00f6sszetett feladat. T\u00f6bb mint 20 \u00e9ves tapasztalatunkkal mi olyan eszk\u00f6z\u00f6ket biztos\u00edtunk \u00d6nnek, amellyel k\u00f6nnyed\u00e9n ellen\u0151rizheti \u00e9s ir\u00e1ny\u00edthatja v\u00e1llalkoz\u00e1s\u00e1t.\" \/>\n<meta name=\"robots\" content=\"index, follow, max-snippet:-1, max-image-preview:large, max-video-preview:-1\" \/>\n<link rel=\"canonical\" href=\"https:\/\/karakter2000.hu\/index.php\/iranyitas\/\" \/>\n<meta name=\"twitter:label1\" content=\"Becs\u00fclt olvas\u00e1si id\u0151\" \/>\n\t<meta name=\"twitter:data1\" content=\"1 perc\" \/>\n<script type=\"application\/ld+json\" class=\"yoast-schema-graph\">{\"@context\":\"https:\/\/schema.org\",\"@graph\":[{\"@type\":\"WebPage\",\"@id\":\"https:\/\/karakter2000.hu\/index.php\/iranyitas\/\",\"url\":\"https:\/\/karakter2000.hu\/index.php\/iranyitas\/\",\"name\":\"Ir\u00e1ny\u00edt\u00e1s, ellen\u0151rz\u00e9s - Karakter 2000 Kft.\",\"isPartOf\":{\"@id\":\"https:\/\/karakter2000.hu\/#website\"},\"primaryImageOfPage\":{\"@id\":\"https:\/\/karakter2000.hu\/index.php\/iranyitas\/#primaryimage\"},\"image\":{\"@id\":\"https:\/\/karakter2000.hu\/index.php\/iranyitas\/#primaryimage\"},\"thumbnailUrl\":\"https:\/\/karakter2000.hu\/wp-content\/uploads\/2016\/02\/controlling.jpg\",\"datePublished\":\"2016-02-25T15:52:33+00:00\",\"dateModified\":\"2018-03-08T17:52:37+00:00\",\"description\":\"A v\u00e1llalat ir\u00e1ny\u00edt\u00e1s elk\u00e9peszt\u0151en \u00f6sszetett feladat. T\u00f6bb mint 20 \u00e9ves tapasztalatunkkal mi olyan eszk\u00f6z\u00f6ket biztos\u00edtunk \u00d6nnek, amellyel k\u00f6nnyed\u00e9n ellen\u0151rizheti \u00e9s ir\u00e1ny\u00edthatja v\u00e1llalkoz\u00e1s\u00e1t.\",\"breadcrumb\":{\"@id\":\"https:\/\/karakter2000.hu\/index.php\/iranyitas\/#breadcrumb\"},\"inLanguage\":\"hu\",\"potentialAction\":[{\"@type\":\"ReadAction\",\"target\":[\"https:\/\/karakter2000.hu\/index.php\/iranyitas\/\"]}]},{\"@type\":\"ImageObject\",\"inLanguage\":\"hu\",\"@id\":\"https:\/\/karakter2000.hu\/index.php\/iranyitas\/#primaryimage\",\"url\":\"https:\/\/karakter2000.hu\/wp-content\/uploads\/2016\/02\/controlling.jpg\",\"contentUrl\":\"https:\/\/karakter2000.hu\/wp-content\/uploads\/2016\/02\/controlling.jpg\",\"width\":1046,\"height\":336,\"caption\":\"Ir\u00e1ny\u00edt\u00e1s\"},{\"@type\":\"BreadcrumbList\",\"@id\":\"https:\/\/karakter2000.hu\/index.php\/iranyitas\/#breadcrumb\",\"itemListElement\":[{\"@type\":\"ListItem\",\"position\":1,\"name\":\"Home\",\"item\":\"https:\/\/karakter2000.hu\/\"},{\"@type\":\"ListItem\",\"position\":2,\"name\":\"Ir\u00e1ny\u00edt\u00e1s, ellen\u0151rz\u00e9s\"}]},{\"@type\":\"WebSite\",\"@id\":\"https:\/\/karakter2000.hu\/#website\",\"url\":\"https:\/\/karakter2000.hu\/\",\"name\":\"Karakter 2000 Kft.\",\"description\":\"Tudjuk a megold\u00e1st \u00e9s meg is osztjuk \u00d6nnel!\",\"potentialAction\":[{\"@type\":\"SearchAction\",\"target\":{\"@type\":\"EntryPoint\",\"urlTemplate\":\"https:\/\/karakter2000.hu\/?s={search_term_string}\"},\"query-input\":\"required name=search_term_string\"}],\"inLanguage\":\"hu\"}]}<\/script>\n<!-- \/ Yoast SEO plugin. -->","yoast_head_json":{"title":"Ir\u00e1ny\u00edt\u00e1s, ellen\u0151rz\u00e9s - Karakter 2000 Kft.","description":"A v\u00e1llalat ir\u00e1ny\u00edt\u00e1s elk\u00e9peszt\u0151en \u00f6sszetett feladat. T\u00f6bb mint 20 \u00e9ves tapasztalatunkkal mi olyan eszk\u00f6z\u00f6ket biztos\u00edtunk \u00d6nnek, amellyel k\u00f6nnyed\u00e9n ellen\u0151rizheti \u00e9s ir\u00e1ny\u00edthatja v\u00e1llalkoz\u00e1s\u00e1t.","robots":{"index":"index","follow":"follow","max-snippet":"max-snippet:-1","max-image-preview":"max-image-preview:large","max-video-preview":"max-video-preview:-1"},"canonical":"https:\/\/karakter2000.hu\/index.php\/iranyitas\/","twitter_misc":{"Becs\u00fclt olvas\u00e1si id\u0151":"1 perc"},"schema":{"@context":"https:\/\/schema.org","@graph":[{"@type":"WebPage","@id":"https:\/\/karakter2000.hu\/index.php\/iranyitas\/","url":"https:\/\/karakter2000.hu\/index.php\/iranyitas\/","name":"Ir\u00e1ny\u00edt\u00e1s, ellen\u0151rz\u00e9s - Karakter 2000 Kft.","isPartOf":{"@id":"https:\/\/karakter2000.hu\/#website"},"primaryImageOfPage":{"@id":"https:\/\/karakter2000.hu\/index.php\/iranyitas\/#primaryimage"},"image":{"@id":"https:\/\/karakter2000.hu\/index.php\/iranyitas\/#primaryimage"},"thumbnailUrl":"https:\/\/karakter2000.hu\/wp-content\/uploads\/2016\/02\/controlling.jpg","datePublished":"2016-02-25T15:52:33+00:00","dateModified":"2018-03-08T17:52:37+00:00","description":"A v\u00e1llalat ir\u00e1ny\u00edt\u00e1s elk\u00e9peszt\u0151en \u00f6sszetett feladat. T\u00f6bb mint 20 \u00e9ves tapasztalatunkkal mi olyan eszk\u00f6z\u00f6ket biztos\u00edtunk \u00d6nnek, amellyel k\u00f6nnyed\u00e9n ellen\u0151rizheti \u00e9s ir\u00e1ny\u00edthatja v\u00e1llalkoz\u00e1s\u00e1t.","breadcrumb":{"@id":"https:\/\/karakter2000.hu\/index.php\/iranyitas\/#breadcrumb"},"inLanguage":"hu","potentialAction":[{"@type":"ReadAction","target":["https:\/\/karakter2000.hu\/index.php\/iranyitas\/"]}]},{"@type":"ImageObject","inLanguage":"hu","@id":"https:\/\/karakter2000.hu\/index.php\/iranyitas\/#primaryimage","url":"https:\/\/karakter2000.hu\/wp-content\/uploads\/2016\/02\/controlling.jpg","contentUrl":"https:\/\/karakter2000.hu\/wp-content\/uploads\/2016\/02\/controlling.jpg","width":1046,"height":336,"caption":"Ir\u00e1ny\u00edt\u00e1s"},{"@type":"BreadcrumbList","@id":"https:\/\/karakter2000.hu\/index.php\/iranyitas\/#breadcrumb","itemListElement":[{"@type":"ListItem","position":1,"name":"Home","item":"https:\/\/karakter2000.hu\/"},{"@type":"ListItem","position":2,"name":"Ir\u00e1ny\u00edt\u00e1s, ellen\u0151rz\u00e9s"}]},{"@type":"WebSite","@id":"https:\/\/karakter2000.hu\/#website","url":"https:\/\/karakter2000.hu\/","name":"Karakter 2000 Kft.","description":"Tudjuk a megold\u00e1st \u00e9s meg is osztjuk \u00d6nnel!","potentialAction":[{"@type":"SearchAction","target":{"@type":"EntryPoint","urlTemplate":"https:\/\/karakter2000.hu\/?s={search_term_string}"},"query-input":"required name=search_term_string"}],"inLanguage":"hu"}]}},"post_mailing_queue_ids":[],"_links":{"self":[{"href":"https:\/\/karakter2000.hu\/index.php\/wp-json\/wp\/v2\/pages\/114"}],"collection":[{"href":"https:\/\/karakter2000.hu\/index.php\/wp-json\/wp\/v2\/pages"}],"about":[{"href":"https:\/\/karakter2000.hu\/index.php\/wp-json\/wp\/v2\/types\/page"}],"author":[{"embeddable":true,"href":"https:\/\/karakter2000.hu\/index.php\/wp-json\/wp\/v2\/users\/1"}],"replies":[{"embeddable":true,"href":"https:\/\/karakter2000.hu\/index.php\/wp-json\/wp\/v2\/comments?post=114"}],"version-history":[{"count":34,"href":"https:\/\/karakter2000.hu\/index.php\/wp-json\/wp\/v2\/pages\/114\/revisions"}],"predecessor-version":[{"id":794,"href":"https:\/\/karakter2000.hu\/index.php\/wp-json\/wp\/v2\/pages\/114\/revisions\/794"}],"wp:featuredmedia":[{"embeddable":true,"href":"https:\/\/karakter2000.hu\/index.php\/wp-json\/wp\/v2\/media\/115"}],"wp:attachment":[{"href":"https:\/\/karakter2000.hu\/index.php\/wp-json\/wp\/v2\/media?parent=114"}],"curies":[{"name":"wp","href":"https:\/\/api.w.org\/{rel}","templated":true}]}}