{"id":352,"date":"2016-09-01T14:24:33","date_gmt":"2016-09-01T13:24:33","guid":{"rendered":"http:\/\/karakter2000.hu\/?page_id=352"},"modified":"2023-12-18T11:45:21","modified_gmt":"2023-12-18T10:45:21","slug":"letoltesek","status":"publish","type":"page","link":"https:\/\/karakter2000.hu\/index.php\/letoltesek\/","title":{"rendered":"Let\u00f6lt\u00e9sek"},"content":{"rendered":"<table class=\" alignleft\" style=\"height: 178px; width: 319px;\"><caption><strong>TRON IVR<br \/>\u00c1ltal\u00e1nos Szerz\u0151d\u00e9si Felt\u00e9telek (\u00c1SZF)<\/strong><\/caption>\n<tbody>\n<tr style=\"height: 44px;\">\n<td style=\"width: 169.75px; height: 136px;\" rowspan=\"3\"><img loading=\"lazy\" decoding=\"async\" class=\"aligncenter wp-image-406 size-thumbnail\" src=\"http:\/\/karakter2000.hu\/wp-content\/uploads\/2018\/03\/folder-contract-icon-150x150.png\" alt=\"\" width=\"150\" height=\"150\" srcset=\"https:\/\/karakter2000.hu\/wp-content\/uploads\/2018\/03\/folder-contract-icon-150x150.png 150w, https:\/\/karakter2000.hu\/wp-content\/uploads\/2018\/03\/folder-contract-icon.png 256w\" sizes=\"(max-width: 150px) 100vw, 150px\" \/><\/td>\n<td style=\"width: 134.25px; text-align: center; vertical-align: middle; height: 44px;\">\u00a0<\/td>\n<\/tr>\n<tr style=\"height: 47px;\">\n<td style=\"width: 134.25px; text-align: center; vertical-align: middle; height: 47px;\"><a href=\"http:\/\/karakter2000.hu\/wp-content\/uploads\/2023\/12\/ASZF_v1.1.7.pdf\">1.1.7<\/a><\/td>\n<\/tr>\n<tr style=\"height: 45px;\">\n<td style=\"width: 134.25px; text-align: center; vertical-align: middle; height: 45px;\">\u00a0<\/td>\n<\/tr>\n<\/tbody>\n<\/table>\n<table class=\" alignright\" style=\"height: 136px; width: 38.0238%;\"><caption><strong>veriTRON mobil alkalmaz\u00e1s<br \/><\/strong><\/caption>\n<tbody>\n<tr style=\"height: 44px;\">\n<td style=\"width: 169.75px; height: 136px;\" rowspan=\"3\"><img loading=\"lazy\" decoding=\"async\" class=\"alignnone size-medium wp-image-797\" src=\"http:\/\/karakter2000.hu\/wp-content\/uploads\/2022\/03\/dm-reader-300x264.png\" alt=\"\" width=\"300\" height=\"264\" srcset=\"https:\/\/karakter2000.hu\/wp-content\/uploads\/2022\/03\/dm-reader-300x264.png 300w, https:\/\/karakter2000.hu\/wp-content\/uploads\/2022\/03\/dm-reader.png 371w\" sizes=\"(max-width: 300px) 100vw, 300px\" \/><\/td>\n<td style=\"width: 134.25px; text-align: center; vertical-align: middle; height: 44px;\">\u00a0<\/td>\n<\/tr>\n<tr style=\"height: 47px;\">\n<td style=\"width: 134.25px; text-align: center; vertical-align: middle; height: 47px;\"><a href=\"http:\/\/karakter2000.hu\/wp-content\/uploads\/2022\/03\/veriTRON.zip\">1.0<\/a><\/td>\n<\/tr>\n<tr style=\"height: 45px;\">\n<td style=\"width: 134.25px; text-align: center; vertical-align: middle; height: 45px;\">\u00a0<\/td>\n<\/tr>\n<\/tbody>\n<\/table>\n\n","protected":false},"excerpt":{"rendered":"<p>TRON IVR\u00c1ltal\u00e1nos Szerz\u0151d\u00e9si Felt\u00e9telek (\u00c1SZF) \u00a0 1.1.7 \u00a0 veriTRON mobil alkalmaz\u00e1s \u00a0 1.0 \u00a0<\/p>\n","protected":false},"author":1,"featured_media":361,"parent":0,"menu_order":0,"comment_status":"closed","ping_status":"closed","template":"","meta":{"footnotes":""},"yoast_head":"<!-- This site is optimized with the Yoast SEO plugin v22.4 - https:\/\/yoast.com\/wordpress\/plugins\/seo\/ -->\n<title>Let\u00f6lt\u00e9sek - Karakter 2000 Kft.<\/title>\n<meta name=\"robots\" content=\"index, follow, max-snippet:-1, max-image-preview:large, max-video-preview:-1\" \/>\n<link rel=\"canonical\" href=\"https:\/\/karakter2000.hu\/index.php\/letoltesek\/\" \/>\n<meta name=\"twitter:label1\" content=\"Becs\u00fclt olvas\u00e1si id\u0151\" \/>\n\t<meta name=\"twitter:data1\" content=\"1 perc\" \/>\n<script type=\"application\/ld+json\" class=\"yoast-schema-graph\">{\"@context\":\"https:\/\/schema.org\",\"@graph\":[{\"@type\":\"WebPage\",\"@id\":\"https:\/\/karakter2000.hu\/index.php\/letoltesek\/\",\"url\":\"https:\/\/karakter2000.hu\/index.php\/letoltesek\/\",\"name\":\"Let\u00f6lt\u00e9sek - Karakter 2000 Kft.\",\"isPartOf\":{\"@id\":\"https:\/\/karakter2000.hu\/#website\"},\"primaryImageOfPage\":{\"@id\":\"https:\/\/karakter2000.hu\/index.php\/letoltesek\/#primaryimage\"},\"image\":{\"@id\":\"https:\/\/karakter2000.hu\/index.php\/letoltesek\/#primaryimage\"},\"thumbnailUrl\":\"https:\/\/karakter2000.hu\/wp-content\/uploads\/2016\/09\/download.jpg\",\"datePublished\":\"2016-09-01T13:24:33+00:00\",\"dateModified\":\"2023-12-18T10:45:21+00:00\",\"breadcrumb\":{\"@id\":\"https:\/\/karakter2000.hu\/index.php\/letoltesek\/#breadcrumb\"},\"inLanguage\":\"hu\",\"potentialAction\":[{\"@type\":\"ReadAction\",\"target\":[\"https:\/\/karakter2000.hu\/index.php\/letoltesek\/\"]}]},{\"@type\":\"ImageObject\",\"inLanguage\":\"hu\",\"@id\":\"https:\/\/karakter2000.hu\/index.php\/letoltesek\/#primaryimage\",\"url\":\"https:\/\/karakter2000.hu\/wp-content\/uploads\/2016\/09\/download.jpg\",\"contentUrl\":\"https:\/\/karakter2000.hu\/wp-content\/uploads\/2016\/09\/download.jpg\",\"width\":795,\"height\":241,\"caption\":\"Let\u00f6lt\u00e9sek\"},{\"@type\":\"BreadcrumbList\",\"@id\":\"https:\/\/karakter2000.hu\/index.php\/letoltesek\/#breadcrumb\",\"itemListElement\":[{\"@type\":\"ListItem\",\"position\":1,\"name\":\"Home\",\"item\":\"https:\/\/karakter2000.hu\/\"},{\"@type\":\"ListItem\",\"position\":2,\"name\":\"Let\u00f6lt\u00e9sek\"}]},{\"@type\":\"WebSite\",\"@id\":\"https:\/\/karakter2000.hu\/#website\",\"url\":\"https:\/\/karakter2000.hu\/\",\"name\":\"Karakter 2000 Kft.\",\"description\":\"Tudjuk a megold\u00e1st \u00e9s meg is osztjuk \u00d6nnel!\",\"potentialAction\":[{\"@type\":\"SearchAction\",\"target\":{\"@type\":\"EntryPoint\",\"urlTemplate\":\"https:\/\/karakter2000.hu\/?s={search_term_string}\"},\"query-input\":\"required name=search_term_string\"}],\"inLanguage\":\"hu\"}]}<\/script>\n<!-- \/ Yoast SEO plugin. -->","yoast_head_json":{"title":"Let\u00f6lt\u00e9sek - Karakter 2000 Kft.","robots":{"index":"index","follow":"follow","max-snippet":"max-snippet:-1","max-image-preview":"max-image-preview:large","max-video-preview":"max-video-preview:-1"},"canonical":"https:\/\/karakter2000.hu\/index.php\/letoltesek\/","twitter_misc":{"Becs\u00fclt olvas\u00e1si id\u0151":"1 perc"},"schema":{"@context":"https:\/\/schema.org","@graph":[{"@type":"WebPage","@id":"https:\/\/karakter2000.hu\/index.php\/letoltesek\/","url":"https:\/\/karakter2000.hu\/index.php\/letoltesek\/","name":"Let\u00f6lt\u00e9sek - Karakter 2000 Kft.","isPartOf":{"@id":"https:\/\/karakter2000.hu\/#website"},"primaryImageOfPage":{"@id":"https:\/\/karakter2000.hu\/index.php\/letoltesek\/#primaryimage"},"image":{"@id":"https:\/\/karakter2000.hu\/index.php\/letoltesek\/#primaryimage"},"thumbnailUrl":"https:\/\/karakter2000.hu\/wp-content\/uploads\/2016\/09\/download.jpg","datePublished":"2016-09-01T13:24:33+00:00","dateModified":"2023-12-18T10:45:21+00:00","breadcrumb":{"@id":"https:\/\/karakter2000.hu\/index.php\/letoltesek\/#breadcrumb"},"inLanguage":"hu","potentialAction":[{"@type":"ReadAction","target":["https:\/\/karakter2000.hu\/index.php\/letoltesek\/"]}]},{"@type":"ImageObject","inLanguage":"hu","@id":"https:\/\/karakter2000.hu\/index.php\/letoltesek\/#primaryimage","url":"https:\/\/karakter2000.hu\/wp-content\/uploads\/2016\/09\/download.jpg","contentUrl":"https:\/\/karakter2000.hu\/wp-content\/uploads\/2016\/09\/download.jpg","width":795,"height":241,"caption":"Let\u00f6lt\u00e9sek"},{"@type":"BreadcrumbList","@id":"https:\/\/karakter2000.hu\/index.php\/letoltesek\/#breadcrumb","itemListElement":[{"@type":"ListItem","position":1,"name":"Home","item":"https:\/\/karakter2000.hu\/"},{"@type":"ListItem","position":2,"name":"Let\u00f6lt\u00e9sek"}]},{"@type":"WebSite","@id":"https:\/\/karakter2000.hu\/#website","url":"https:\/\/karakter2000.hu\/","name":"Karakter 2000 Kft.","description":"Tudjuk a megold\u00e1st \u00e9s meg is osztjuk \u00d6nnel!","potentialAction":[{"@type":"SearchAction","target":{"@type":"EntryPoint","urlTemplate":"https:\/\/karakter2000.hu\/?s={search_term_string}"},"query-input":"required name=search_term_string"}],"inLanguage":"hu"}]}},"post_mailing_queue_ids":[],"_links":{"self":[{"href":"https:\/\/karakter2000.hu\/index.php\/wp-json\/wp\/v2\/pages\/352"}],"collection":[{"href":"https:\/\/karakter2000.hu\/index.php\/wp-json\/wp\/v2\/pages"}],"about":[{"href":"https:\/\/karakter2000.hu\/index.php\/wp-json\/wp\/v2\/types\/page"}],"author":[{"embeddable":true,"href":"https:\/\/karakter2000.hu\/index.php\/wp-json\/wp\/v2\/users\/1"}],"replies":[{"embeddable":true,"href":"https:\/\/karakter2000.hu\/index.php\/wp-json\/wp\/v2\/comments?post=352"}],"version-history":[{"count":35,"href":"https:\/\/karakter2000.hu\/index.php\/wp-json\/wp\/v2\/pages\/352\/revisions"}],"predecessor-version":[{"id":815,"href":"https:\/\/karakter2000.hu\/index.php\/wp-json\/wp\/v2\/pages\/352\/revisions\/815"}],"wp:featuredmedia":[{"embeddable":true,"href":"https:\/\/karakter2000.hu\/index.php\/wp-json\/wp\/v2\/media\/361"}],"wp:attachment":[{"href":"https:\/\/karakter2000.hu\/index.php\/wp-json\/wp\/v2\/media?parent=352"}],"curies":[{"name":"wp","href":"https:\/\/api.w.org\/{rel}","templated":true}]}}