{"id":36,"date":"2016-02-24T18:45:07","date_gmt":"2016-02-24T17:45:07","guid":{"rendered":"http:\/\/localhost\/wordpress\/?page_id=36"},"modified":"2018-04-02T15:55:51","modified_gmt":"2018-04-02T14:55:51","slug":"kapcsolat","status":"publish","type":"page","link":"https:\/\/karakter2000.hu\/index.php\/kapcsolat\/","title":{"rendered":"Kapcsolat"},"content":{"rendered":"<table style=\"height: 200px;\" width=\"800\">\n<tbody>\n<tr>\n<td style=\"text-align: center; vertical-align: middle;\" colspan=\"2\">\n<h3 style=\"text-align: center;\">El\u00e9rhet minket<\/h3>\n<\/td>\n<\/tr>\n<tr>\n<td style=\"text-align: center; vertical-align: middle;\" colspan=\"2\"><a href=\"mailto:info@karakter2000.hu\">info@karakter2000.hu<\/a><\/td>\n<\/tr>\n<tr>\n<td style=\"width: 400px; text-align: center; vertical-align: middle;\">\n<p style=\"text-align: center;\">1202 Budapest P\u00f6ltenberg u. 97.<\/p>\n<p style=\"text-align: center;\">+36 30 201 9272<\/p>\n<\/td>\n<td style=\"width: 400px; text-align: center; vertical-align: middle;\">\n<p style=\"text-align: center;\">9023 Gy\u0151r Mester u. 1.<\/p>\n<p style=\"text-align: center;\">+36 96 432 261<\/p>\n<\/td>\n<\/tr>\n<tr>\n<td style=\"width: 400px;\"><style type=\"text\/css\" id=\"gmpMapStyles_1_72317\">\r\n\t#google_map_easy_1_72317 {\r\n        width: 100%;\r\n        height: 250px;\r\n\t\t\t\t\t\t    }\r\n\t#gmapControlsNum_1_72317 {\r\n\t\twidth:100%\t}\r\n\t.gmpMapDetailsContainer#gmpMapDetailsContainer_1_72317 {\r\n\t\theight:250px;\r\n\t}\r\n\t.gmp_MapPreview#google_map_easy_1_72317 {\r\n\t\t\/*position:absolute;*\/\r\n\t\twidth: 100%;\r\n\t}\r\n\t#mapConElem_1_72317{\r\n\t\twidth: 100%\t}\r\n    .gm-style .gm-style-iw-c{\r\n        padding: 12px!important;\r\n    }\r\n\t    <\/style>\r\n <div class=\"gmp_map_opts\" id=\"mapConElem_1_72317\" data-id=\"1\" data-view-id=\"1_72317\" > <div class=\"gmpMapDetailsContainer\" id=\"gmpMapDetailsContainer_1_72317\"> <i class=\"gmpKMLLayersPreloader fa fa-spinner fa-spin\" aria-hidden=\"true\" style=\"display: none;\"><\/i> <div class=\"gmp_MapPreview \" id=\"google_map_easy_1_72317\"><\/div> <\/div> <div class=\"gmpMapMarkerFilters\" id=\"gmpMapMarkerFilters_1_72317\"> <\/div> <div class=\"gmpMapProControlsCon\" id=\"gmpMapProControlsCon_1_72317\"> <a title=\"Google Map Wordpress\" style=\"display:none;\" href=\"https:\/\/supsystic.com\/plugins\/google-maps-plugin\/?utm_medium=love_link_hide\" target=\"_blank\">Google Map Wordpress<\/a><div style=\"clear: both;\"><\/div> <\/div> <div class=\"gmpMapProDirectionsCon\" id=\"gmpMapProDirectionsCon_1_72317\" > <\/div> <div class=\"gmpMapProKmlFilterCon\" id=\"gmpMapProKmlFilterCon_1_72317\" > <\/div> <div class=\"gmpSocialSharingShell gmpSocialSharingShell_1_72317\"> <\/div> <div style=\"clear: both;\"><\/div> <\/div> <\/td>\n<td style=\"width: 400px;\"><style type=\"text\/css\" id=\"gmpMapStyles_2_26919\">\r\n\t#google_map_easy_2_26919 {\r\n        width: 100%;\r\n        height: 250px;\r\n\t\t\t\t\t\t    }\r\n\t#gmapControlsNum_2_26919 {\r\n\t\twidth:100%\t}\r\n\t.gmpMapDetailsContainer#gmpMapDetailsContainer_2_26919 {\r\n\t\theight:250px;\r\n\t}\r\n\t.gmp_MapPreview#google_map_easy_2_26919 {\r\n\t\t\/*position:absolute;*\/\r\n\t\twidth: 100%;\r\n\t}\r\n\t#mapConElem_2_26919{\r\n\t\twidth: 100%\t}\r\n    .gm-style .gm-style-iw-c{\r\n        padding: 12px!important;\r\n    }\r\n\t    <\/style>\r\n <div class=\"gmp_map_opts\" id=\"mapConElem_2_26919\" data-id=\"2\" data-view-id=\"2_26919\" > <div class=\"gmpMapDetailsContainer\" id=\"gmpMapDetailsContainer_2_26919\"> <i class=\"gmpKMLLayersPreloader fa fa-spinner fa-spin\" aria-hidden=\"true\" style=\"display: none;\"><\/i> <div class=\"gmp_MapPreview \" id=\"google_map_easy_2_26919\"><\/div> <\/div> <div class=\"gmpMapMarkerFilters\" id=\"gmpMapMarkerFilters_2_26919\"> <\/div> <div class=\"gmpMapProControlsCon\" id=\"gmpMapProControlsCon_2_26919\"> <a title=\"Google Map Wordpress\" style=\"display:none;\" href=\"https:\/\/supsystic.com\/plugins\/google-maps-plugin\/?utm_medium=love_link_hide\" target=\"_blank\">Google Map Wordpress<\/a><div style=\"clear: both;\"><\/div> <\/div> <div class=\"gmpMapProDirectionsCon\" id=\"gmpMapProDirectionsCon_2_26919\" > <\/div> <div class=\"gmpMapProKmlFilterCon\" id=\"gmpMapProKmlFilterCon_2_26919\" > <\/div> <div class=\"gmpSocialSharingShell gmpSocialSharingShell_2_26919\"> <\/div> <div style=\"clear: both;\"><\/div> <\/div> <\/td>\n<\/tr>\n<\/tbody>\n<\/table>\n<p><style>#rainmaker_form_604  .rm_button { background-color: #37ABC8;}<\/style><div id=\"rainmaker_form_604\" class=\"rm_form_container rainmaker_form rm-form-style0 \" data-type=\"rm_contact\" data-form-id=\"604\"><div id=\"rm_form_error_message_604\" class=\"rm_form_error_message\" style=\"display:none\"><\/div><form action=\"\/index.php\/wp-json\/wp\/v2\/pages\/36#rainmaker_form_604\"><div class=\"rm_form_el_set rm_form_el_name \"><label class=\"rm_form_label\">N\u00e9v<\/label><input class=\"rm_form_field\" type=\"text\" name=\"name\" required placeholder=\"N\u00e9v\" \/><\/div><div class=\"rm_form_el_set rm_form_el_email \"><label class=\"rm_form_label\">Email<\/label><input class=\"rm_form_field\" type=\"email\" name=\"email\" required placeholder=\"Email\" \/><\/div><div class=\"rm_form_el_set rm_form_el_message \"><label class=\"rm_form_label\">\u00dczenet<\/label><textarea rows=\"3\" maxlength=\"500\" autocomplete=\"off\" cols=\"65\" class=\"rm_form_field\" type=\"textarea\" name=\"message\" required placeholder=\"\u00dczenet\"><\/textarea><\/div><div class=\"rm_form_el_set rm_form_el_button \"><input class=\"rm_form_field rm_button\" type=\"submit\" name=\"button\" value=\"K\u00fcld\u00e9s\" \/><\/div><\/form><div class=\"rm-loader\"><\/div><\/div><div id=\"rm_form_message_604\" class=\"rm_form_message\" style=\"display:none\">Az \u00fczenetet tov\u00e1bb\u00edtottuk! K\u00f6sz\u00f6nj\u00fck, hogy megkeresett minket!<\/div><br \/>\n<!--\n\n\n<p style=\"text-align: left;\">[contact-form-7 id=\"417\" title=\"Kapcsolat\"]<\/p>\n\n\n--><\/p>\n","protected":false},"excerpt":{"rendered":"<p>El\u00e9rhet minket info@karakter2000.hu 1202 Budapest P\u00f6ltenberg u. 97. +36 30 201 9272 9023 Gy\u0151r Mester u. 1. +36 96 432 261<\/p>\n","protected":false},"author":1,"featured_media":37,"parent":0,"menu_order":0,"comment_status":"closed","ping_status":"closed","template":"fullwidth.php","meta":{"footnotes":""},"yoast_head":"<!-- This site is optimized with the Yoast SEO plugin v22.4 - https:\/\/yoast.com\/wordpress\/plugins\/seo\/ -->\n<title>Kapcsolat - Karakter 2000 Kft.<\/title>\n<meta name=\"robots\" content=\"index, follow, max-snippet:-1, max-image-preview:large, max-video-preview:-1\" \/>\n<link rel=\"canonical\" href=\"https:\/\/karakter2000.hu\/index.php\/kapcsolat\/\" \/>\n<script type=\"application\/ld+json\" class=\"yoast-schema-graph\">{\"@context\":\"https:\/\/schema.org\",\"@graph\":[{\"@type\":\"WebPage\",\"@id\":\"https:\/\/karakter2000.hu\/index.php\/kapcsolat\/\",\"url\":\"https:\/\/karakter2000.hu\/index.php\/kapcsolat\/\",\"name\":\"Kapcsolat - Karakter 2000 Kft.\",\"isPartOf\":{\"@id\":\"https:\/\/karakter2000.hu\/#website\"},\"primaryImageOfPage\":{\"@id\":\"https:\/\/karakter2000.hu\/index.php\/kapcsolat\/#primaryimage\"},\"image\":{\"@id\":\"https:\/\/karakter2000.hu\/index.php\/kapcsolat\/#primaryimage\"},\"thumbnailUrl\":\"https:\/\/karakter2000.hu\/wp-content\/uploads\/2016\/02\/contact.jpg\",\"datePublished\":\"2016-02-24T17:45:07+00:00\",\"dateModified\":\"2018-04-02T14:55:51+00:00\",\"breadcrumb\":{\"@id\":\"https:\/\/karakter2000.hu\/index.php\/kapcsolat\/#breadcrumb\"},\"inLanguage\":\"hu\",\"potentialAction\":[{\"@type\":\"ReadAction\",\"target\":[\"https:\/\/karakter2000.hu\/index.php\/kapcsolat\/\"]}]},{\"@type\":\"ImageObject\",\"inLanguage\":\"hu\",\"@id\":\"https:\/\/karakter2000.hu\/index.php\/kapcsolat\/#primaryimage\",\"url\":\"https:\/\/karakter2000.hu\/wp-content\/uploads\/2016\/02\/contact.jpg\",\"contentUrl\":\"https:\/\/karakter2000.hu\/wp-content\/uploads\/2016\/02\/contact.jpg\",\"width\":1650,\"height\":550,\"caption\":\"Kapcsolat\"},{\"@type\":\"BreadcrumbList\",\"@id\":\"https:\/\/karakter2000.hu\/index.php\/kapcsolat\/#breadcrumb\",\"itemListElement\":[{\"@type\":\"ListItem\",\"position\":1,\"name\":\"Home\",\"item\":\"https:\/\/karakter2000.hu\/\"},{\"@type\":\"ListItem\",\"position\":2,\"name\":\"Kapcsolat\"}]},{\"@type\":\"WebSite\",\"@id\":\"https:\/\/karakter2000.hu\/#website\",\"url\":\"https:\/\/karakter2000.hu\/\",\"name\":\"Karakter 2000 Kft.\",\"description\":\"Tudjuk a megold\u00e1st \u00e9s meg is osztjuk \u00d6nnel!\",\"potentialAction\":[{\"@type\":\"SearchAction\",\"target\":{\"@type\":\"EntryPoint\",\"urlTemplate\":\"https:\/\/karakter2000.hu\/?s={search_term_string}\"},\"query-input\":\"required name=search_term_string\"}],\"inLanguage\":\"hu\"}]}<\/script>\n<!-- \/ Yoast SEO plugin. -->","yoast_head_json":{"title":"Kapcsolat - Karakter 2000 Kft.","robots":{"index":"index","follow":"follow","max-snippet":"max-snippet:-1","max-image-preview":"max-image-preview:large","max-video-preview":"max-video-preview:-1"},"canonical":"https:\/\/karakter2000.hu\/index.php\/kapcsolat\/","schema":{"@context":"https:\/\/schema.org","@graph":[{"@type":"WebPage","@id":"https:\/\/karakter2000.hu\/index.php\/kapcsolat\/","url":"https:\/\/karakter2000.hu\/index.php\/kapcsolat\/","name":"Kapcsolat - Karakter 2000 Kft.","isPartOf":{"@id":"https:\/\/karakter2000.hu\/#website"},"primaryImageOfPage":{"@id":"https:\/\/karakter2000.hu\/index.php\/kapcsolat\/#primaryimage"},"image":{"@id":"https:\/\/karakter2000.hu\/index.php\/kapcsolat\/#primaryimage"},"thumbnailUrl":"https:\/\/karakter2000.hu\/wp-content\/uploads\/2016\/02\/contact.jpg","datePublished":"2016-02-24T17:45:07+00:00","dateModified":"2018-04-02T14:55:51+00:00","breadcrumb":{"@id":"https:\/\/karakter2000.hu\/index.php\/kapcsolat\/#breadcrumb"},"inLanguage":"hu","potentialAction":[{"@type":"ReadAction","target":["https:\/\/karakter2000.hu\/index.php\/kapcsolat\/"]}]},{"@type":"ImageObject","inLanguage":"hu","@id":"https:\/\/karakter2000.hu\/index.php\/kapcsolat\/#primaryimage","url":"https:\/\/karakter2000.hu\/wp-content\/uploads\/2016\/02\/contact.jpg","contentUrl":"https:\/\/karakter2000.hu\/wp-content\/uploads\/2016\/02\/contact.jpg","width":1650,"height":550,"caption":"Kapcsolat"},{"@type":"BreadcrumbList","@id":"https:\/\/karakter2000.hu\/index.php\/kapcsolat\/#breadcrumb","itemListElement":[{"@type":"ListItem","position":1,"name":"Home","item":"https:\/\/karakter2000.hu\/"},{"@type":"ListItem","position":2,"name":"Kapcsolat"}]},{"@type":"WebSite","@id":"https:\/\/karakter2000.hu\/#website","url":"https:\/\/karakter2000.hu\/","name":"Karakter 2000 Kft.","description":"Tudjuk a megold\u00e1st \u00e9s meg is osztjuk \u00d6nnel!","potentialAction":[{"@type":"SearchAction","target":{"@type":"EntryPoint","urlTemplate":"https:\/\/karakter2000.hu\/?s={search_term_string}"},"query-input":"required name=search_term_string"}],"inLanguage":"hu"}]}},"post_mailing_queue_ids":[],"_links":{"self":[{"href":"https:\/\/karakter2000.hu\/index.php\/wp-json\/wp\/v2\/pages\/36"}],"collection":[{"href":"https:\/\/karakter2000.hu\/index.php\/wp-json\/wp\/v2\/pages"}],"about":[{"href":"https:\/\/karakter2000.hu\/index.php\/wp-json\/wp\/v2\/types\/page"}],"author":[{"embeddable":true,"href":"https:\/\/karakter2000.hu\/index.php\/wp-json\/wp\/v2\/users\/1"}],"replies":[{"embeddable":true,"href":"https:\/\/karakter2000.hu\/index.php\/wp-json\/wp\/v2\/comments?post=36"}],"version-history":[{"count":59,"href":"https:\/\/karakter2000.hu\/index.php\/wp-json\/wp\/v2\/pages\/36\/revisions"}],"predecessor-version":[{"id":709,"href":"https:\/\/karakter2000.hu\/index.php\/wp-json\/wp\/v2\/pages\/36\/revisions\/709"}],"wp:featuredmedia":[{"embeddable":true,"href":"https:\/\/karakter2000.hu\/index.php\/wp-json\/wp\/v2\/media\/37"}],"wp:attachment":[{"href":"https:\/\/karakter2000.hu\/index.php\/wp-json\/wp\/v2\/media?parent=36"}],"curies":[{"name":"wp","href":"https:\/\/api.w.org\/{rel}","templated":true}]}}