{"id":44,"date":"2016-02-24T19:12:39","date_gmt":"2016-02-24T18:12:39","guid":{"rendered":"http:\/\/localhost\/wordpress\/?page_id=44"},"modified":"2018-03-14T14:26:54","modified_gmt":"2018-03-14T13:26:54","slug":"tron-integralt-vallalatiranyitasi-rendszer","status":"publish","type":"page","link":"https:\/\/karakter2000.hu\/index.php\/tron-integralt-vallalatiranyitasi-rendszer\/","title":{"rendered":"TRON IVR"},"content":{"rendered":"<h2>TRON IVR<\/h2>\n<p style=\"text-align: justify;\">A\u00a0<a href=\"http:\/\/www.tron.hu\"><strong>TRON<\/strong> <strong>I<\/strong>ntegr\u00e1lt <strong>V<\/strong>\u00e1llalatir\u00e1ny\u00edt\u00e1si <strong>R<\/strong>endszer<\/a> egy olyan ny\u00edlt forr\u00e1sk\u00f3d\u00fa alapokon nyugv\u00f3 modul\u00e1ris szoftver eszk\u00f6z Unix, Linux k\u00f6rnyezetben, amely saj\u00e1t bizonylat menedzsment rendszer\u00e9n kereszt\u00fcl t\u00e1mogatja az \u00d6n v\u00e1llalati folyamatainak ir\u00e1ny\u00edt\u00e1s\u00e1t \u00e9s ellen\u0151rz\u00e9s\u00e9t.<\/p>\n<p style=\"text-align: justify;\">Mindegy, hogy az \u00d6n v\u00e1llalkoz\u00e1sa term\u00e9ket \u00e1ll\u00edt el\u0151, kereskedik, logisztikai rakt\u00e1rb\u00e1zist m\u0171k\u00f6dtett, k\u00fcl\u00f6nf\u00e9le szolg\u00e1ltat\u00e1sokat ny\u00fajt partnereinek, a <strong>TRON\u00a0I<\/strong>ntegr\u00e1lt<strong> V<\/strong>\u00e1llalatir\u00e1ny\u00edt\u00e1si<strong> R<\/strong>endszer seg\u00edti tev\u00e9kenys\u00e9gei megtervez\u00e9s\u00e9ben, a v\u00e9grehajt\u00e1s nyomon k\u00f6vet\u00e9s\u00e9ben, ellen\u0151rz\u00e9s\u00e9ben \u00e9s p\u00e9nz\u00fcgyi elsz\u00e1mol\u00e1saiban. Mindezt platform f\u00fcggetlen felhaszn\u00e1l\u00f3i k\u00f6rnyezetben, a vil\u00e1g b\u00e1rmely pontj\u00e1n, tetsz\u0151leges sz\u00e1m\u00fa rakt\u00e1r\/rakt\u00e1rb\u00e1zis, telephely eset\u00e9ben, megfelelve az egyik legszigor\u00fabb ipar\u00e1g a gy\u00f3gyszeripar min\u0151s\u00e9gbiztos\u00edt\u00e1si k\u00f6vetelm\u00e9nyeinek, term\u00e9szetesen ny\u00edlt forr\u00e1sk\u00f3d\u00fa alapokon.<\/p>\n<p style=\"text-align: justify;\">\u00c9s, ha ez nem volna el\u00e9g, akkor eg\u00e9sz\u00edtse ki <strong>TRON\u00a0IVR<\/strong> rendszer\u00e9t<\/p>\n<ul>\n<li style=\"text-align: justify;\"><a href=\"\/index.php\/pointron\/\">integr\u00e1lt rakt\u00e1ri mobil termin\u00e1lokkal<\/a>\u00a0a t\u00e1rhelyek, k\u00e9szlet helyek, term\u00e9kek egyedi azonos\u00edt\u00e1s\u00e1hoz, a gy\u00e1rt\u00e1si \u00e9s rakt\u00e1ri tev\u00e9kenys\u00e9gek, \u00e1ru mozg\u00e1sok elektronikus, on-line elv\u00e9gz\u00e9s\u00e9hez<\/li>\n<li style=\"text-align: justify;\">elektronikus m\u00e9rlegekkel az ellen\u0151rz\u00f6tt m\u00e9r\u00e9sek ill. rakt\u00e1ri tev\u00e9kenys\u00e9gek v\u00e9gett<\/li>\n<li style=\"text-align: justify;\"><a href=\"\/index.php\/trondroid\/\">integr\u00e1lt mobil alkalmaz\u00e1ssal<\/a> a gyorsabb, prec\u00edzebb kereskedelmi \u00e9s sz\u00e1ll\u00edt\u00e1si tev\u00e9kenys\u00e9gekhez.<\/li>\n<\/ul>\n<p>&nbsp;<\/p>\n<table style=\"height: 118px;\" width=\"748\">\n<tbody>\n<tr>\n<td style=\"text-align: center; vertical-align: middle;\"><img loading=\"lazy\" decoding=\"async\" class=\"wp-image-234 aligncenter\" src=\"\/wp-content\/uploads\/2016\/02\/telefon_icon.png\" alt=\"\" width=\"79\" height=\"84\" \/><\/td>\n<td>\n<h4 style=\"text-align: center;\"><strong>Siker\u00fclt felkelten\u00fcnk az \u00e9rdekl\u0151d\u00e9s\u00e9t?<br \/>\nKeressen meg <a href=\"\/index.php\/kapcsolat\/\">minket<\/a>,<br \/>\n<\/strong><strong> hogy egy\u00fctt m\u00e9g sikeresebbek legy\u00fcnk!<\/strong><\/h4>\n<\/td>\n<td style=\"text-align: center; vertical-align: middle;\"><img loading=\"lazy\" decoding=\"async\" class=\"wp-image-234 aligncenter\" src=\"\/wp-content\/uploads\/2016\/02\/telefon_icon.png\" alt=\"\" width=\"79\" height=\"84\" \/><\/td>\n<\/tr>\n<\/tbody>\n<\/table>\n","protected":false},"excerpt":{"rendered":"<p>TRON IVR A\u00a0TRON Integr\u00e1lt V\u00e1llalatir\u00e1ny\u00edt\u00e1si Rendszer egy olyan ny\u00edlt forr\u00e1sk\u00f3d\u00fa alapokon nyugv\u00f3 modul\u00e1ris szoftver eszk\u00f6z Unix, Linux k\u00f6rnyezetben, amely saj\u00e1t bizonylat menedzsment rendszer\u00e9n kereszt\u00fcl t\u00e1mogatja az \u00d6n v\u00e1llalati folyamatainak ir\u00e1ny\u00edt\u00e1s\u00e1t \u00e9s ellen\u0151rz\u00e9s\u00e9t. Mindegy, hogy az \u00d6n v\u00e1llalkoz\u00e1sa term\u00e9ket \u00e1ll\u00edt el\u0151, kereskedik, logisztikai rakt\u00e1rb\u00e1zist m\u0171k\u00f6dtett, k\u00fcl\u00f6nf\u00e9le szolg\u00e1ltat\u00e1sokat ny\u00fajt partnereinek, a TRON\u00a0Integr\u00e1lt V\u00e1llalatir\u00e1ny\u00edt\u00e1si Rendszer seg\u00edti tev\u00e9kenys\u00e9gei megtervez\u00e9s\u00e9ben,<\/p>\n","protected":false},"author":1,"featured_media":23,"parent":0,"menu_order":0,"comment_status":"closed","ping_status":"closed","template":"","meta":{"footnotes":""},"yoast_head":"<!-- This site is optimized with the Yoast SEO plugin v22.4 - https:\/\/yoast.com\/wordpress\/plugins\/seo\/ -->\n<title>TRON IVR - Karakter 2000 Kft.<\/title>\n<meta name=\"description\" content=\"A TRON Integr\u00e1lt V\u00e1llalatir\u00e1ny\u00edt\u00e1si Rendszer a legszigor\u00fabb min\u0151s\u00e9gbiztos\u00edt\u00e1si elv\u00e1r\u00e1soknak is megfelelve teljesk\u00f6r\u0171 ellen\u0151rz\u00e9si \u00e9s ir\u00e1ny\u00edt\u00e1si funkci\u00f3kat ad az \u00d6n kez\u00e9be.\" \/>\n<meta name=\"robots\" content=\"index, follow, max-snippet:-1, max-image-preview:large, max-video-preview:-1\" \/>\n<link rel=\"canonical\" href=\"https:\/\/karakter2000.hu\/index.php\/tron-integralt-vallalatiranyitasi-rendszer\/\" \/>\n<meta name=\"twitter:label1\" content=\"Becs\u00fclt olvas\u00e1si id\u0151\" \/>\n\t<meta name=\"twitter:data1\" content=\"1 perc\" \/>\n<script type=\"application\/ld+json\" class=\"yoast-schema-graph\">{\"@context\":\"https:\/\/schema.org\",\"@graph\":[{\"@type\":\"WebPage\",\"@id\":\"https:\/\/karakter2000.hu\/index.php\/tron-integralt-vallalatiranyitasi-rendszer\/\",\"url\":\"https:\/\/karakter2000.hu\/index.php\/tron-integralt-vallalatiranyitasi-rendszer\/\",\"name\":\"TRON IVR - Karakter 2000 Kft.\",\"isPartOf\":{\"@id\":\"https:\/\/karakter2000.hu\/#website\"},\"primaryImageOfPage\":{\"@id\":\"https:\/\/karakter2000.hu\/index.php\/tron-integralt-vallalatiranyitasi-rendszer\/#primaryimage\"},\"image\":{\"@id\":\"https:\/\/karakter2000.hu\/index.php\/tron-integralt-vallalatiranyitasi-rendszer\/#primaryimage\"},\"thumbnailUrl\":\"https:\/\/karakter2000.hu\/wp-content\/uploads\/2016\/02\/tron_screenbg1.jpg\",\"datePublished\":\"2016-02-24T18:12:39+00:00\",\"dateModified\":\"2018-03-14T13:26:54+00:00\",\"description\":\"A TRON Integr\u00e1lt V\u00e1llalatir\u00e1ny\u00edt\u00e1si Rendszer a legszigor\u00fabb min\u0151s\u00e9gbiztos\u00edt\u00e1si elv\u00e1r\u00e1soknak is megfelelve teljesk\u00f6r\u0171 ellen\u0151rz\u00e9si \u00e9s ir\u00e1ny\u00edt\u00e1si funkci\u00f3kat ad az \u00d6n kez\u00e9be.\",\"breadcrumb\":{\"@id\":\"https:\/\/karakter2000.hu\/index.php\/tron-integralt-vallalatiranyitasi-rendszer\/#breadcrumb\"},\"inLanguage\":\"hu\",\"potentialAction\":[{\"@type\":\"ReadAction\",\"target\":[\"https:\/\/karakter2000.hu\/index.php\/tron-integralt-vallalatiranyitasi-rendszer\/\"]}]},{\"@type\":\"ImageObject\",\"inLanguage\":\"hu\",\"@id\":\"https:\/\/karakter2000.hu\/index.php\/tron-integralt-vallalatiranyitasi-rendszer\/#primaryimage\",\"url\":\"https:\/\/karakter2000.hu\/wp-content\/uploads\/2016\/02\/tron_screenbg1.jpg\",\"contentUrl\":\"https:\/\/karakter2000.hu\/wp-content\/uploads\/2016\/02\/tron_screenbg1.jpg\",\"width\":1000,\"height\":336},{\"@type\":\"BreadcrumbList\",\"@id\":\"https:\/\/karakter2000.hu\/index.php\/tron-integralt-vallalatiranyitasi-rendszer\/#breadcrumb\",\"itemListElement\":[{\"@type\":\"ListItem\",\"position\":1,\"name\":\"Home\",\"item\":\"https:\/\/karakter2000.hu\/\"},{\"@type\":\"ListItem\",\"position\":2,\"name\":\"TRON IVR\"}]},{\"@type\":\"WebSite\",\"@id\":\"https:\/\/karakter2000.hu\/#website\",\"url\":\"https:\/\/karakter2000.hu\/\",\"name\":\"Karakter 2000 Kft.\",\"description\":\"Tudjuk a megold\u00e1st \u00e9s meg is osztjuk \u00d6nnel!\",\"potentialAction\":[{\"@type\":\"SearchAction\",\"target\":{\"@type\":\"EntryPoint\",\"urlTemplate\":\"https:\/\/karakter2000.hu\/?s={search_term_string}\"},\"query-input\":\"required name=search_term_string\"}],\"inLanguage\":\"hu\"}]}<\/script>\n<!-- \/ Yoast SEO plugin. -->","yoast_head_json":{"title":"TRON IVR - Karakter 2000 Kft.","description":"A TRON Integr\u00e1lt V\u00e1llalatir\u00e1ny\u00edt\u00e1si Rendszer a legszigor\u00fabb min\u0151s\u00e9gbiztos\u00edt\u00e1si elv\u00e1r\u00e1soknak is megfelelve teljesk\u00f6r\u0171 ellen\u0151rz\u00e9si \u00e9s ir\u00e1ny\u00edt\u00e1si funkci\u00f3kat ad az \u00d6n kez\u00e9be.","robots":{"index":"index","follow":"follow","max-snippet":"max-snippet:-1","max-image-preview":"max-image-preview:large","max-video-preview":"max-video-preview:-1"},"canonical":"https:\/\/karakter2000.hu\/index.php\/tron-integralt-vallalatiranyitasi-rendszer\/","twitter_misc":{"Becs\u00fclt olvas\u00e1si id\u0151":"1 perc"},"schema":{"@context":"https:\/\/schema.org","@graph":[{"@type":"WebPage","@id":"https:\/\/karakter2000.hu\/index.php\/tron-integralt-vallalatiranyitasi-rendszer\/","url":"https:\/\/karakter2000.hu\/index.php\/tron-integralt-vallalatiranyitasi-rendszer\/","name":"TRON IVR - Karakter 2000 Kft.","isPartOf":{"@id":"https:\/\/karakter2000.hu\/#website"},"primaryImageOfPage":{"@id":"https:\/\/karakter2000.hu\/index.php\/tron-integralt-vallalatiranyitasi-rendszer\/#primaryimage"},"image":{"@id":"https:\/\/karakter2000.hu\/index.php\/tron-integralt-vallalatiranyitasi-rendszer\/#primaryimage"},"thumbnailUrl":"https:\/\/karakter2000.hu\/wp-content\/uploads\/2016\/02\/tron_screenbg1.jpg","datePublished":"2016-02-24T18:12:39+00:00","dateModified":"2018-03-14T13:26:54+00:00","description":"A TRON Integr\u00e1lt V\u00e1llalatir\u00e1ny\u00edt\u00e1si Rendszer a legszigor\u00fabb min\u0151s\u00e9gbiztos\u00edt\u00e1si elv\u00e1r\u00e1soknak is megfelelve teljesk\u00f6r\u0171 ellen\u0151rz\u00e9si \u00e9s ir\u00e1ny\u00edt\u00e1si funkci\u00f3kat ad az \u00d6n kez\u00e9be.","breadcrumb":{"@id":"https:\/\/karakter2000.hu\/index.php\/tron-integralt-vallalatiranyitasi-rendszer\/#breadcrumb"},"inLanguage":"hu","potentialAction":[{"@type":"ReadAction","target":["https:\/\/karakter2000.hu\/index.php\/tron-integralt-vallalatiranyitasi-rendszer\/"]}]},{"@type":"ImageObject","inLanguage":"hu","@id":"https:\/\/karakter2000.hu\/index.php\/tron-integralt-vallalatiranyitasi-rendszer\/#primaryimage","url":"https:\/\/karakter2000.hu\/wp-content\/uploads\/2016\/02\/tron_screenbg1.jpg","contentUrl":"https:\/\/karakter2000.hu\/wp-content\/uploads\/2016\/02\/tron_screenbg1.jpg","width":1000,"height":336},{"@type":"BreadcrumbList","@id":"https:\/\/karakter2000.hu\/index.php\/tron-integralt-vallalatiranyitasi-rendszer\/#breadcrumb","itemListElement":[{"@type":"ListItem","position":1,"name":"Home","item":"https:\/\/karakter2000.hu\/"},{"@type":"ListItem","position":2,"name":"TRON IVR"}]},{"@type":"WebSite","@id":"https:\/\/karakter2000.hu\/#website","url":"https:\/\/karakter2000.hu\/","name":"Karakter 2000 Kft.","description":"Tudjuk a megold\u00e1st \u00e9s meg is osztjuk \u00d6nnel!","potentialAction":[{"@type":"SearchAction","target":{"@type":"EntryPoint","urlTemplate":"https:\/\/karakter2000.hu\/?s={search_term_string}"},"query-input":"required name=search_term_string"}],"inLanguage":"hu"}]}},"post_mailing_queue_ids":[],"_links":{"self":[{"href":"https:\/\/karakter2000.hu\/index.php\/wp-json\/wp\/v2\/pages\/44"}],"collection":[{"href":"https:\/\/karakter2000.hu\/index.php\/wp-json\/wp\/v2\/pages"}],"about":[{"href":"https:\/\/karakter2000.hu\/index.php\/wp-json\/wp\/v2\/types\/page"}],"author":[{"embeddable":true,"href":"https:\/\/karakter2000.hu\/index.php\/wp-json\/wp\/v2\/users\/1"}],"replies":[{"embeddable":true,"href":"https:\/\/karakter2000.hu\/index.php\/wp-json\/wp\/v2\/comments?post=44"}],"version-history":[{"count":13,"href":"https:\/\/karakter2000.hu\/index.php\/wp-json\/wp\/v2\/pages\/44\/revisions"}],"predecessor-version":[{"id":585,"href":"https:\/\/karakter2000.hu\/index.php\/wp-json\/wp\/v2\/pages\/44\/revisions\/585"}],"wp:featuredmedia":[{"embeddable":true,"href":"https:\/\/karakter2000.hu\/index.php\/wp-json\/wp\/v2\/media\/23"}],"wp:attachment":[{"href":"https:\/\/karakter2000.hu\/index.php\/wp-json\/wp\/v2\/media?parent=44"}],"curies":[{"name":"wp","href":"https:\/\/api.w.org\/{rel}","templated":true}]}}