{"id":46,"date":"2016-02-24T19:13:13","date_gmt":"2016-02-24T18:13:13","guid":{"rendered":"http:\/\/localhost\/wordpress\/?page_id=46"},"modified":"2018-03-14T14:43:16","modified_gmt":"2018-03-14T13:43:16","slug":"mobil-uzletkotoi-kliens","status":"publish","type":"page","link":"https:\/\/karakter2000.hu\/index.php\/mobil-uzletkotoi-kliens\/","title":{"rendered":"TRONDroid"},"content":{"rendered":"<h2>Mobil \u00fczletk\u00f6t\u0151i kliens<\/h2>\n<p style=\"text-align: justify;\">Szeretn\u00e9, ha a &#8216;terepen&#8217; dolgoz\u00f3 \u00fczletk\u00f6t\u0151i rendelkezn\u00e9nek mind azzal a pontos, naprak\u00e9sz inform\u00e1ci\u00f3val (k\u00e9szletek, v\u00e1rhat\u00f3 besz\u00e1ll\u00edt\u00e1sok, folyamatban l\u00e9v\u0151 gy\u00e1rt\u00e1sok, vev\u0151i tartoz\u00e1sok, lej\u00e1rt hitelkeretek, stb.), amivel a k\u00f6zpontban dolgoz\u00f3 munkat\u00e1rsak? Szeretn\u00e9, ha a &#8216;terepen&#8217; r\u00f6gz\u00edtett megrendel\u00e9seket a rakt\u00e1r ir\u00e1ny\u00edt\u00e1si rendszere azonnal ki\u00e9rt\u00e9keln\u00e9, feldolgozn\u00e1?<\/p>\n<h4 style=\"text-align: center;\"><span style=\"color: #3366ff;\"><strong>Akkor \u00d6nnek a TRONDroid-ra van sz\u00fcks\u00e9ge!<\/strong><\/span><\/h4>\n<p style=\"text-align: justify;\">A <strong>TRON<\/strong>Droid tetsz\u0151leges (7&#8243;-os t\u00e1blag\u00e9p aj\u00e1nlott) Android alap\u00fa eszk\u00f6z\u00f6k\u00f6n futtathat\u00f3 alkalmaz\u00e1s \u00e9s haszn\u00e1lata lehet\u0151v\u00e9 teszi \u00fczletk\u00f6t\u0151i, k\u00e9pvisel\u0151i sz\u00e1m\u00e1ra, hogy munk\u00e1juk sor\u00e1n a &#8216;terepen&#8217; is on-line m\u00f3don hozz\u00e1f\u00e9rjenek mind azon inform\u00e1ci\u00f3khoz, funkci\u00f3khoz, amelyek tev\u00e9kenys\u00e9g\u00fck ell\u00e1t\u00e1s\u00e1hoz sz\u00fcks\u00e9gesek.<\/p>\n<h4 style=\"text-align: center;\"><span style=\"color: #3366ff;\"><strong>Mobil alkalmaz\u00e1s \u00fczleti adatokkal?<\/strong><\/span><\/h4>\n<p style=\"text-align: justify;\">Megnyugodhat! Az \u00d6n adatainak biztons\u00e1ga \u00e9rdek\u00e9ben\u00a0<strong>TRON<\/strong>Droid-ot \u00fagy tervezt\u00fck, hogy a m\u0171k\u00f6d\u00e9s\u00e9hez sz\u00fcks\u00e9ges valamennyi adatot on-line, mobil internet seg\u00edts\u00e9g\u00e9vel t\u00f6lt le ill. fel a k\u00f6zponti rendszerb\u0151l\/rendszerbe, hogy az adatok mindig pontosak \u00e9s naprak\u00e9szek legyenek \u00e9s a mobil eszk\u00f6z\u00f6n ne kelljen semmilyen m\u0171k\u00f6d\u00e9shez sz\u00fcks\u00e9ges adatot t\u00e1rolni. R\u00e1ad\u00e1sul a mobil internet sz\u00e1mla \u00e9s a lefedetts\u00e9g miatt sem kell agg\u00f3dnia, mivel munkat\u00e1rsaink a <strong>TRON<\/strong>Droid m\u0171k\u00f6d\u00e9s\u00e9t minim\u00e1lis adatforgalomra optimaliz\u00e1lt\u00e1k, \u00edgy haszn\u00e1lat\u00e1hoz nagy sebess\u00e9g\u0171 (pl. LTE) mobil internetre sincs sz\u00fcks\u00e9g, minden gond n\u00e9lk\u00fcl k\u00e9pes m\u0171k\u00f6dni klasszikus (GSM) h\u00e1l\u00f3zatokon is.<\/p>\n<p>&nbsp;<\/p>\n<table style=\"height: 118px;\" width=\"748\">\n<tbody>\n<tr>\n<td style=\"text-align: center; vertical-align: middle;\"><img loading=\"lazy\" decoding=\"async\" class=\"wp-image-234 aligncenter\" src=\"\/wp-content\/uploads\/2016\/02\/telefon_icon.png\" alt=\"\" width=\"79\" height=\"84\" \/><\/td>\n<td>\n<h4 style=\"text-align: center;\"><strong>Siker\u00fclt felkelten\u00fcnk az \u00e9rdekl\u0151d\u00e9s\u00e9t?<br \/>\nKeressen meg <a href=\"\/index.php\/kapcsolat\/\">minket<\/a>,<br \/>\n<\/strong><strong> hogy egy\u00fctt m\u00e9g sikeresebbek legy\u00fcnk!<\/strong><\/h4>\n<\/td>\n<td style=\"text-align: center; vertical-align: middle;\"><img loading=\"lazy\" decoding=\"async\" class=\"wp-image-234 aligncenter\" src=\"\/wp-content\/uploads\/2016\/02\/telefon_icon.png\" alt=\"\" width=\"79\" height=\"84\" \/><\/td>\n<\/tr>\n<\/tbody>\n<\/table>\n","protected":false},"excerpt":{"rendered":"<p>Mobil \u00fczletk\u00f6t\u0151i kliens Szeretn\u00e9, ha a &#8216;terepen&#8217; dolgoz\u00f3 \u00fczletk\u00f6t\u0151i rendelkezn\u00e9nek mind azzal a pontos, naprak\u00e9sz inform\u00e1ci\u00f3val (k\u00e9szletek, v\u00e1rhat\u00f3 besz\u00e1ll\u00edt\u00e1sok, folyamatban l\u00e9v\u0151 gy\u00e1rt\u00e1sok, vev\u0151i tartoz\u00e1sok, lej\u00e1rt hitelkeretek, stb.), amivel a k\u00f6zpontban dolgoz\u00f3 munkat\u00e1rsak? Szeretn\u00e9, ha a &#8216;terepen&#8217; r\u00f6gz\u00edtett megrendel\u00e9seket a rakt\u00e1r ir\u00e1ny\u00edt\u00e1si rendszere azonnal ki\u00e9rt\u00e9keln\u00e9, feldolgozn\u00e1? Akkor \u00d6nnek a TRONDroid-ra van sz\u00fcks\u00e9ge! A TRONDroid tetsz\u0151leges (7&#8243;-os<\/p>\n","protected":false},"author":1,"featured_media":24,"parent":0,"menu_order":0,"comment_status":"closed","ping_status":"closed","template":"","meta":{"footnotes":""},"yoast_head":"<!-- This site is optimized with the Yoast SEO plugin v22.4 - https:\/\/yoast.com\/wordpress\/plugins\/seo\/ -->\n<title>TRONDroid - Karakter 2000 Kft.<\/title>\n<meta name=\"description\" content=\"Ma m\u00e1r egy helyhez k\u00f6t\u00f6tt v\u00e1llalati inform\u00e1ci\u00f3s rendszer nem k\u00e9pes minden kih\u00edv\u00e1snak megfelelni. V\u00e9gezze tev\u00e9kenys\u00e9ge egy r\u00e9sz\u00e9t k\u00f6zvetlen\u00fcl a vev\u0151in\u00e9l. Legyen mobil! \u00c9s ehhez k\u00fcl\u00f6n eszk\u00f6z\u00f6kre sincs sz\u00fcks\u00e9ge, mivel mobil \u00fczletk\u00f6t\u0151i kliens eszk\u00f6z\u00fcnk gond n\u00e9lk\u00fcl haszn\u00e1lhat\u00f3 munkat\u00e1rsai mobil telefonj\u00e1n.\" \/>\n<meta name=\"robots\" content=\"index, follow, max-snippet:-1, max-image-preview:large, max-video-preview:-1\" \/>\n<link rel=\"canonical\" href=\"https:\/\/karakter2000.hu\/index.php\/mobil-uzletkotoi-kliens\/\" \/>\n<meta name=\"twitter:label1\" content=\"Becs\u00fclt olvas\u00e1si id\u0151\" \/>\n\t<meta name=\"twitter:data1\" content=\"2 perc\" \/>\n<script type=\"application\/ld+json\" class=\"yoast-schema-graph\">{\"@context\":\"https:\/\/schema.org\",\"@graph\":[{\"@type\":\"WebPage\",\"@id\":\"https:\/\/karakter2000.hu\/index.php\/mobil-uzletkotoi-kliens\/\",\"url\":\"https:\/\/karakter2000.hu\/index.php\/mobil-uzletkotoi-kliens\/\",\"name\":\"TRONDroid - Karakter 2000 Kft.\",\"isPartOf\":{\"@id\":\"https:\/\/karakter2000.hu\/#website\"},\"primaryImageOfPage\":{\"@id\":\"https:\/\/karakter2000.hu\/index.php\/mobil-uzletkotoi-kliens\/#primaryimage\"},\"image\":{\"@id\":\"https:\/\/karakter2000.hu\/index.php\/mobil-uzletkotoi-kliens\/#primaryimage\"},\"thumbnailUrl\":\"https:\/\/karakter2000.hu\/wp-content\/uploads\/2016\/02\/tron_droid.jpg\",\"datePublished\":\"2016-02-24T18:13:13+00:00\",\"dateModified\":\"2018-03-14T13:43:16+00:00\",\"description\":\"Ma m\u00e1r egy helyhez k\u00f6t\u00f6tt v\u00e1llalati inform\u00e1ci\u00f3s rendszer nem k\u00e9pes minden kih\u00edv\u00e1snak megfelelni. V\u00e9gezze tev\u00e9kenys\u00e9ge egy r\u00e9sz\u00e9t k\u00f6zvetlen\u00fcl a vev\u0151in\u00e9l. Legyen mobil! \u00c9s ehhez k\u00fcl\u00f6n eszk\u00f6z\u00f6kre sincs sz\u00fcks\u00e9ge, mivel mobil \u00fczletk\u00f6t\u0151i kliens eszk\u00f6z\u00fcnk gond n\u00e9lk\u00fcl haszn\u00e1lhat\u00f3 munkat\u00e1rsai mobil telefonj\u00e1n.\",\"breadcrumb\":{\"@id\":\"https:\/\/karakter2000.hu\/index.php\/mobil-uzletkotoi-kliens\/#breadcrumb\"},\"inLanguage\":\"hu\",\"potentialAction\":[{\"@type\":\"ReadAction\",\"target\":[\"https:\/\/karakter2000.hu\/index.php\/mobil-uzletkotoi-kliens\/\"]}]},{\"@type\":\"ImageObject\",\"inLanguage\":\"hu\",\"@id\":\"https:\/\/karakter2000.hu\/index.php\/mobil-uzletkotoi-kliens\/#primaryimage\",\"url\":\"https:\/\/karakter2000.hu\/wp-content\/uploads\/2016\/02\/tron_droid.jpg\",\"contentUrl\":\"https:\/\/karakter2000.hu\/wp-content\/uploads\/2016\/02\/tron_droid.jpg\",\"width\":1000,\"height\":336},{\"@type\":\"BreadcrumbList\",\"@id\":\"https:\/\/karakter2000.hu\/index.php\/mobil-uzletkotoi-kliens\/#breadcrumb\",\"itemListElement\":[{\"@type\":\"ListItem\",\"position\":1,\"name\":\"Home\",\"item\":\"https:\/\/karakter2000.hu\/\"},{\"@type\":\"ListItem\",\"position\":2,\"name\":\"TRONDroid\"}]},{\"@type\":\"WebSite\",\"@id\":\"https:\/\/karakter2000.hu\/#website\",\"url\":\"https:\/\/karakter2000.hu\/\",\"name\":\"Karakter 2000 Kft.\",\"description\":\"Tudjuk a megold\u00e1st \u00e9s meg is osztjuk \u00d6nnel!\",\"potentialAction\":[{\"@type\":\"SearchAction\",\"target\":{\"@type\":\"EntryPoint\",\"urlTemplate\":\"https:\/\/karakter2000.hu\/?s={search_term_string}\"},\"query-input\":\"required name=search_term_string\"}],\"inLanguage\":\"hu\"}]}<\/script>\n<!-- \/ Yoast SEO plugin. -->","yoast_head_json":{"title":"TRONDroid - Karakter 2000 Kft.","description":"Ma m\u00e1r egy helyhez k\u00f6t\u00f6tt v\u00e1llalati inform\u00e1ci\u00f3s rendszer nem k\u00e9pes minden kih\u00edv\u00e1snak megfelelni. V\u00e9gezze tev\u00e9kenys\u00e9ge egy r\u00e9sz\u00e9t k\u00f6zvetlen\u00fcl a vev\u0151in\u00e9l. Legyen mobil! \u00c9s ehhez k\u00fcl\u00f6n eszk\u00f6z\u00f6kre sincs sz\u00fcks\u00e9ge, mivel mobil \u00fczletk\u00f6t\u0151i kliens eszk\u00f6z\u00fcnk gond n\u00e9lk\u00fcl haszn\u00e1lhat\u00f3 munkat\u00e1rsai mobil telefonj\u00e1n.","robots":{"index":"index","follow":"follow","max-snippet":"max-snippet:-1","max-image-preview":"max-image-preview:large","max-video-preview":"max-video-preview:-1"},"canonical":"https:\/\/karakter2000.hu\/index.php\/mobil-uzletkotoi-kliens\/","twitter_misc":{"Becs\u00fclt olvas\u00e1si id\u0151":"2 perc"},"schema":{"@context":"https:\/\/schema.org","@graph":[{"@type":"WebPage","@id":"https:\/\/karakter2000.hu\/index.php\/mobil-uzletkotoi-kliens\/","url":"https:\/\/karakter2000.hu\/index.php\/mobil-uzletkotoi-kliens\/","name":"TRONDroid - Karakter 2000 Kft.","isPartOf":{"@id":"https:\/\/karakter2000.hu\/#website"},"primaryImageOfPage":{"@id":"https:\/\/karakter2000.hu\/index.php\/mobil-uzletkotoi-kliens\/#primaryimage"},"image":{"@id":"https:\/\/karakter2000.hu\/index.php\/mobil-uzletkotoi-kliens\/#primaryimage"},"thumbnailUrl":"https:\/\/karakter2000.hu\/wp-content\/uploads\/2016\/02\/tron_droid.jpg","datePublished":"2016-02-24T18:13:13+00:00","dateModified":"2018-03-14T13:43:16+00:00","description":"Ma m\u00e1r egy helyhez k\u00f6t\u00f6tt v\u00e1llalati inform\u00e1ci\u00f3s rendszer nem k\u00e9pes minden kih\u00edv\u00e1snak megfelelni. V\u00e9gezze tev\u00e9kenys\u00e9ge egy r\u00e9sz\u00e9t k\u00f6zvetlen\u00fcl a vev\u0151in\u00e9l. Legyen mobil! \u00c9s ehhez k\u00fcl\u00f6n eszk\u00f6z\u00f6kre sincs sz\u00fcks\u00e9ge, mivel mobil \u00fczletk\u00f6t\u0151i kliens eszk\u00f6z\u00fcnk gond n\u00e9lk\u00fcl haszn\u00e1lhat\u00f3 munkat\u00e1rsai mobil telefonj\u00e1n.","breadcrumb":{"@id":"https:\/\/karakter2000.hu\/index.php\/mobil-uzletkotoi-kliens\/#breadcrumb"},"inLanguage":"hu","potentialAction":[{"@type":"ReadAction","target":["https:\/\/karakter2000.hu\/index.php\/mobil-uzletkotoi-kliens\/"]}]},{"@type":"ImageObject","inLanguage":"hu","@id":"https:\/\/karakter2000.hu\/index.php\/mobil-uzletkotoi-kliens\/#primaryimage","url":"https:\/\/karakter2000.hu\/wp-content\/uploads\/2016\/02\/tron_droid.jpg","contentUrl":"https:\/\/karakter2000.hu\/wp-content\/uploads\/2016\/02\/tron_droid.jpg","width":1000,"height":336},{"@type":"BreadcrumbList","@id":"https:\/\/karakter2000.hu\/index.php\/mobil-uzletkotoi-kliens\/#breadcrumb","itemListElement":[{"@type":"ListItem","position":1,"name":"Home","item":"https:\/\/karakter2000.hu\/"},{"@type":"ListItem","position":2,"name":"TRONDroid"}]},{"@type":"WebSite","@id":"https:\/\/karakter2000.hu\/#website","url":"https:\/\/karakter2000.hu\/","name":"Karakter 2000 Kft.","description":"Tudjuk a megold\u00e1st \u00e9s meg is osztjuk \u00d6nnel!","potentialAction":[{"@type":"SearchAction","target":{"@type":"EntryPoint","urlTemplate":"https:\/\/karakter2000.hu\/?s={search_term_string}"},"query-input":"required name=search_term_string"}],"inLanguage":"hu"}]}},"post_mailing_queue_ids":[],"_links":{"self":[{"href":"https:\/\/karakter2000.hu\/index.php\/wp-json\/wp\/v2\/pages\/46"}],"collection":[{"href":"https:\/\/karakter2000.hu\/index.php\/wp-json\/wp\/v2\/pages"}],"about":[{"href":"https:\/\/karakter2000.hu\/index.php\/wp-json\/wp\/v2\/types\/page"}],"author":[{"embeddable":true,"href":"https:\/\/karakter2000.hu\/index.php\/wp-json\/wp\/v2\/users\/1"}],"replies":[{"embeddable":true,"href":"https:\/\/karakter2000.hu\/index.php\/wp-json\/wp\/v2\/comments?post=46"}],"version-history":[{"count":8,"href":"https:\/\/karakter2000.hu\/index.php\/wp-json\/wp\/v2\/pages\/46\/revisions"}],"predecessor-version":[{"id":586,"href":"https:\/\/karakter2000.hu\/index.php\/wp-json\/wp\/v2\/pages\/46\/revisions\/586"}],"wp:featuredmedia":[{"embeddable":true,"href":"https:\/\/karakter2000.hu\/index.php\/wp-json\/wp\/v2\/media\/24"}],"wp:attachment":[{"href":"https:\/\/karakter2000.hu\/index.php\/wp-json\/wp\/v2\/media?parent=46"}],"curies":[{"name":"wp","href":"https:\/\/api.w.org\/{rel}","templated":true}]}}