{"id":51,"date":"2016-02-24T19:18:23","date_gmt":"2016-02-24T18:18:23","guid":{"rendered":"http:\/\/localhost\/wordpress\/?page_id=51"},"modified":"2018-03-08T19:28:23","modified_gmt":"2018-03-08T18:28:23","slug":"azonositas","status":"publish","type":"page","link":"https:\/\/karakter2000.hu\/index.php\/azonositas\/","title":{"rendered":"poinTRON"},"content":{"rendered":"<h2>Egyedi azonos\u00edt\u00e1s<\/h2>\n<p>&nbsp;<\/p>\n<p style=\"text-align: center;\"><strong><span style=\"color: #3366ff;\">Elege van a pap\u00edr, ceruza \u00e9s vizu\u00e1lis azonos\u00edt\u00e1s alkalmaz\u00e1sa miatti hib\u00e1kb\u00f3l, k\u00e9sedelemb\u0151l?<\/span><br \/>\n<span style=\"color: #3366ff;\"> Gyorsabb, megb\u00edzhat\u00f3bb, pontosabb kisz\u00e1ll\u00edt\u00e1st, gyorsabb, pontosabb\u00a0 lelt\u00e1rt szeretne?<\/span><br \/>\n<\/strong><\/p>\n<p>&nbsp;<\/p>\n<p style=\"text-align: justify;\">Akkor haszn\u00e1lja a poin<strong>TRON<\/strong> rakt\u00e1ri mobil termin\u00e1l rendszert \u00e9s egyedi azonos\u00edt\u00e1s seg\u00edts\u00e9g\u00e9vel sz\u00e1m\u0171zze a k\u00e1oszt, az elveszett cikkeket, csomagokat rakt\u00e1raib\u00f3l! A rendszer gy\u00e1rt\u00f3f\u00fcggetlen eszk\u00f6z\u00f6k\u00f6n b\u00e1rmely \u00fczemben, rakt\u00e1rban tetsz\u0151leges technol\u00f3gi\u00e1val (QR k\u00f3d, DataMatrix, RFID, stb.) seg\u00edti \u00d6nt, b\u00e1rhol a vil\u00e1gon. Mindegy, hogy a saj\u00e1t gy\u00e1rt\u00e1s\u00fa vagy a k\u00fcls\u0151 partnert\u0151l be\u00e9rkezett \u00e1rut rakt\u00e1raiban hol t\u00e1rolja, mert a <a href=\"http:\/\/www.tron.hu\"><strong>TRON\u00a0IVR<\/strong><\/a>\u00a0&#8211; poin<strong>TRON<\/strong> p\u00e1ros ezt mindig tudni fogja \u00e9s munkat\u00e1rsait a rakt\u00e1rakban megfelel\u0151en ir\u00e1ny\u00edtja \u00e9s ellen\u0151rzi.<\/p>\n<p style=\"text-align: justify;\">A gyors \u00e9s pontos munkav\u00e9gz\u00e9shez a poin<strong>TRON<\/strong> rakt\u00e1ri mobil termin\u00e1lok k\u00f6zvetlen\u00fcl kapcsol\u00f3dnak a\u00a0<a href=\"http:\/\/karakter2000.hu\/index.php\/gyartas\/\">termel\u00e9s<\/a> \u00e9s\u00a0<a href=\"http:\/\/karakter2000.hu\/index.php\/raktarak\/\">rakt\u00e1r<\/a> ir\u00e1ny\u00edt\u00e1si rendszerhez annak \u00e9rdek\u00e9ben, hogy az onnan \u00e9rkez\u0151 utas\u00edt\u00e1sok \u00e9s az oda tov\u00e1bb\u00edtand\u00f3 adatok gyakorlatilag azonnal, k\u00e9sleltet\u00e9s n\u00e9lk\u00fcl meg\u00e9rkezzenek feldolgoz\u00e1suk hely\u00e9re.<\/p>\n<p style=\"text-align: justify;\">A poin<strong>TRON<\/strong> rakt\u00e1ri mobil termin\u00e1lok az \u00e1ruk be\u00e9rkez\u00e9s\u00e9t\u0151l a kisz\u00e1ll\u00edt\u00e1si egys\u00e9gcsomagok sz\u00e1ll\u00edt\u00e1shoz rendel\u00e9s\u00e9ig a rakt\u00e1ri tev\u00e9kenys\u00e9gek valamennyi fajt\u00e1j\u00e1t egys\u00e9ges, platform f\u00fcggetlen felhaszn\u00e1l\u00f3i fel\u00fcleten t\u00e1mogatj\u00e1k.<\/p>\n<p>&nbsp;<\/p>\n<table style=\"height: 118px;\" width=\"748\">\n<tbody>\n<tr>\n<td style=\"text-align: center; vertical-align: middle;\"><img loading=\"lazy\" decoding=\"async\" class=\"wp-image-234 aligncenter\" src=\"\/wp-content\/uploads\/2016\/02\/telefon_icon.png\" alt=\"\" width=\"79\" height=\"84\" \/><\/td>\n<td>\n<h4 style=\"text-align: center;\"><strong>Siker\u00fclt felkelten\u00fcnk az \u00e9rdekl\u0151d\u00e9s\u00e9t?<br \/>\nKeressen meg <a href=\"\/index.php\/kapcsolat\/\">minket<\/a>,<br \/>\n<\/strong><strong> hogy egy\u00fctt m\u00e9g sikeresebbek legy\u00fcnk!<\/strong><\/h4>\n<\/td>\n<td style=\"text-align: center; vertical-align: middle;\"><img loading=\"lazy\" decoding=\"async\" class=\"wp-image-234 aligncenter\" src=\"\/wp-content\/uploads\/2016\/02\/telefon_icon.png\" alt=\"\" width=\"79\" height=\"84\" \/><\/td>\n<\/tr>\n<\/tbody>\n<\/table>\n","protected":false},"excerpt":{"rendered":"<p>Egyedi azonos\u00edt\u00e1s &nbsp; Elege van a pap\u00edr, ceruza \u00e9s vizu\u00e1lis azonos\u00edt\u00e1s alkalmaz\u00e1sa miatti hib\u00e1kb\u00f3l, k\u00e9sedelemb\u0151l? Gyorsabb, megb\u00edzhat\u00f3bb, pontosabb kisz\u00e1ll\u00edt\u00e1st, gyorsabb, pontosabb\u00a0 lelt\u00e1rt szeretne? &nbsp; Akkor haszn\u00e1lja a poinTRON rakt\u00e1ri mobil termin\u00e1l rendszert \u00e9s egyedi azonos\u00edt\u00e1s seg\u00edts\u00e9g\u00e9vel sz\u00e1m\u0171zze a k\u00e1oszt, az elveszett cikkeket, csomagokat rakt\u00e1raib\u00f3l! A rendszer gy\u00e1rt\u00f3f\u00fcggetlen eszk\u00f6z\u00f6k\u00f6n b\u00e1rmely \u00fczemben, rakt\u00e1rban tetsz\u0151leges technol\u00f3gi\u00e1val (QR k\u00f3d,<\/p>\n","protected":false},"author":1,"featured_media":25,"parent":0,"menu_order":0,"comment_status":"closed","ping_status":"closed","template":"","meta":{"footnotes":""},"yoast_head":"<!-- This site is optimized with the Yoast SEO plugin v22.4 - https:\/\/yoast.com\/wordpress\/plugins\/seo\/ -->\n<title>poinTRON - Karakter 2000 Kft.<\/title>\n<meta name=\"description\" content=\"Egyedi azonos\u00edt\u00e1s! Legyen sz\u00f3 cikkr\u0151l, t\u00e1rhelyr\u0151l, csomagr\u00f3l a logisztik\u00e1ban ma m\u00e1r megker\u00fclhetetlen technol\u00f3gia. A poinTRON seg\u00edts\u00e9g\u00e9vel gy\u00e1rt\u00f3f\u00fcggetlen eszk\u00f6z\u00f6n tetsz\u0151leges technol\u00f3gi\u00e1val (vonalk\u00f3d, QR k\u00f3d, DataMatrix, RFID, stb.) megval\u00f3s\u00edthatja.\" \/>\n<meta name=\"robots\" content=\"index, follow, max-snippet:-1, max-image-preview:large, max-video-preview:-1\" \/>\n<link rel=\"canonical\" href=\"https:\/\/karakter2000.hu\/index.php\/azonositas\/\" \/>\n<meta name=\"twitter:label1\" content=\"Becs\u00fclt olvas\u00e1si id\u0151\" \/>\n\t<meta name=\"twitter:data1\" content=\"1 perc\" \/>\n<script type=\"application\/ld+json\" class=\"yoast-schema-graph\">{\"@context\":\"https:\/\/schema.org\",\"@graph\":[{\"@type\":\"WebPage\",\"@id\":\"https:\/\/karakter2000.hu\/index.php\/azonositas\/\",\"url\":\"https:\/\/karakter2000.hu\/index.php\/azonositas\/\",\"name\":\"poinTRON - Karakter 2000 Kft.\",\"isPartOf\":{\"@id\":\"https:\/\/karakter2000.hu\/#website\"},\"primaryImageOfPage\":{\"@id\":\"https:\/\/karakter2000.hu\/index.php\/azonositas\/#primaryimage\"},\"image\":{\"@id\":\"https:\/\/karakter2000.hu\/index.php\/azonositas\/#primaryimage\"},\"thumbnailUrl\":\"https:\/\/karakter2000.hu\/wp-content\/uploads\/2016\/02\/tron_screenbg_barcode.jpg\",\"datePublished\":\"2016-02-24T18:18:23+00:00\",\"dateModified\":\"2018-03-08T18:28:23+00:00\",\"description\":\"Egyedi azonos\u00edt\u00e1s! Legyen sz\u00f3 cikkr\u0151l, t\u00e1rhelyr\u0151l, csomagr\u00f3l a logisztik\u00e1ban ma m\u00e1r megker\u00fclhetetlen technol\u00f3gia. A poinTRON seg\u00edts\u00e9g\u00e9vel gy\u00e1rt\u00f3f\u00fcggetlen eszk\u00f6z\u00f6n tetsz\u0151leges technol\u00f3gi\u00e1val (vonalk\u00f3d, QR k\u00f3d, DataMatrix, RFID, stb.) megval\u00f3s\u00edthatja.\",\"breadcrumb\":{\"@id\":\"https:\/\/karakter2000.hu\/index.php\/azonositas\/#breadcrumb\"},\"inLanguage\":\"hu\",\"potentialAction\":[{\"@type\":\"ReadAction\",\"target\":[\"https:\/\/karakter2000.hu\/index.php\/azonositas\/\"]}]},{\"@type\":\"ImageObject\",\"inLanguage\":\"hu\",\"@id\":\"https:\/\/karakter2000.hu\/index.php\/azonositas\/#primaryimage\",\"url\":\"https:\/\/karakter2000.hu\/wp-content\/uploads\/2016\/02\/tron_screenbg_barcode.jpg\",\"contentUrl\":\"https:\/\/karakter2000.hu\/wp-content\/uploads\/2016\/02\/tron_screenbg_barcode.jpg\",\"width\":535,\"height\":180,\"caption\":\"Azonos\u00edt\u00e1s\"},{\"@type\":\"BreadcrumbList\",\"@id\":\"https:\/\/karakter2000.hu\/index.php\/azonositas\/#breadcrumb\",\"itemListElement\":[{\"@type\":\"ListItem\",\"position\":1,\"name\":\"Home\",\"item\":\"https:\/\/karakter2000.hu\/\"},{\"@type\":\"ListItem\",\"position\":2,\"name\":\"poinTRON\"}]},{\"@type\":\"WebSite\",\"@id\":\"https:\/\/karakter2000.hu\/#website\",\"url\":\"https:\/\/karakter2000.hu\/\",\"name\":\"Karakter 2000 Kft.\",\"description\":\"Tudjuk a megold\u00e1st \u00e9s meg is osztjuk \u00d6nnel!\",\"potentialAction\":[{\"@type\":\"SearchAction\",\"target\":{\"@type\":\"EntryPoint\",\"urlTemplate\":\"https:\/\/karakter2000.hu\/?s={search_term_string}\"},\"query-input\":\"required name=search_term_string\"}],\"inLanguage\":\"hu\"}]}<\/script>\n<!-- \/ Yoast SEO plugin. -->","yoast_head_json":{"title":"poinTRON - Karakter 2000 Kft.","description":"Egyedi azonos\u00edt\u00e1s! Legyen sz\u00f3 cikkr\u0151l, t\u00e1rhelyr\u0151l, csomagr\u00f3l a logisztik\u00e1ban ma m\u00e1r megker\u00fclhetetlen technol\u00f3gia. A poinTRON seg\u00edts\u00e9g\u00e9vel gy\u00e1rt\u00f3f\u00fcggetlen eszk\u00f6z\u00f6n tetsz\u0151leges technol\u00f3gi\u00e1val (vonalk\u00f3d, QR k\u00f3d, DataMatrix, RFID, stb.) megval\u00f3s\u00edthatja.","robots":{"index":"index","follow":"follow","max-snippet":"max-snippet:-1","max-image-preview":"max-image-preview:large","max-video-preview":"max-video-preview:-1"},"canonical":"https:\/\/karakter2000.hu\/index.php\/azonositas\/","twitter_misc":{"Becs\u00fclt olvas\u00e1si id\u0151":"1 perc"},"schema":{"@context":"https:\/\/schema.org","@graph":[{"@type":"WebPage","@id":"https:\/\/karakter2000.hu\/index.php\/azonositas\/","url":"https:\/\/karakter2000.hu\/index.php\/azonositas\/","name":"poinTRON - Karakter 2000 Kft.","isPartOf":{"@id":"https:\/\/karakter2000.hu\/#website"},"primaryImageOfPage":{"@id":"https:\/\/karakter2000.hu\/index.php\/azonositas\/#primaryimage"},"image":{"@id":"https:\/\/karakter2000.hu\/index.php\/azonositas\/#primaryimage"},"thumbnailUrl":"https:\/\/karakter2000.hu\/wp-content\/uploads\/2016\/02\/tron_screenbg_barcode.jpg","datePublished":"2016-02-24T18:18:23+00:00","dateModified":"2018-03-08T18:28:23+00:00","description":"Egyedi azonos\u00edt\u00e1s! Legyen sz\u00f3 cikkr\u0151l, t\u00e1rhelyr\u0151l, csomagr\u00f3l a logisztik\u00e1ban ma m\u00e1r megker\u00fclhetetlen technol\u00f3gia. A poinTRON seg\u00edts\u00e9g\u00e9vel gy\u00e1rt\u00f3f\u00fcggetlen eszk\u00f6z\u00f6n tetsz\u0151leges technol\u00f3gi\u00e1val (vonalk\u00f3d, QR k\u00f3d, DataMatrix, RFID, stb.) megval\u00f3s\u00edthatja.","breadcrumb":{"@id":"https:\/\/karakter2000.hu\/index.php\/azonositas\/#breadcrumb"},"inLanguage":"hu","potentialAction":[{"@type":"ReadAction","target":["https:\/\/karakter2000.hu\/index.php\/azonositas\/"]}]},{"@type":"ImageObject","inLanguage":"hu","@id":"https:\/\/karakter2000.hu\/index.php\/azonositas\/#primaryimage","url":"https:\/\/karakter2000.hu\/wp-content\/uploads\/2016\/02\/tron_screenbg_barcode.jpg","contentUrl":"https:\/\/karakter2000.hu\/wp-content\/uploads\/2016\/02\/tron_screenbg_barcode.jpg","width":535,"height":180,"caption":"Azonos\u00edt\u00e1s"},{"@type":"BreadcrumbList","@id":"https:\/\/karakter2000.hu\/index.php\/azonositas\/#breadcrumb","itemListElement":[{"@type":"ListItem","position":1,"name":"Home","item":"https:\/\/karakter2000.hu\/"},{"@type":"ListItem","position":2,"name":"poinTRON"}]},{"@type":"WebSite","@id":"https:\/\/karakter2000.hu\/#website","url":"https:\/\/karakter2000.hu\/","name":"Karakter 2000 Kft.","description":"Tudjuk a megold\u00e1st \u00e9s meg is osztjuk \u00d6nnel!","potentialAction":[{"@type":"SearchAction","target":{"@type":"EntryPoint","urlTemplate":"https:\/\/karakter2000.hu\/?s={search_term_string}"},"query-input":"required name=search_term_string"}],"inLanguage":"hu"}]}},"post_mailing_queue_ids":[],"_links":{"self":[{"href":"https:\/\/karakter2000.hu\/index.php\/wp-json\/wp\/v2\/pages\/51"}],"collection":[{"href":"https:\/\/karakter2000.hu\/index.php\/wp-json\/wp\/v2\/pages"}],"about":[{"href":"https:\/\/karakter2000.hu\/index.php\/wp-json\/wp\/v2\/types\/page"}],"author":[{"embeddable":true,"href":"https:\/\/karakter2000.hu\/index.php\/wp-json\/wp\/v2\/users\/1"}],"replies":[{"embeddable":true,"href":"https:\/\/karakter2000.hu\/index.php\/wp-json\/wp\/v2\/comments?post=51"}],"version-history":[{"count":22,"href":"https:\/\/karakter2000.hu\/index.php\/wp-json\/wp\/v2\/pages\/51\/revisions"}],"predecessor-version":[{"id":808,"href":"https:\/\/karakter2000.hu\/index.php\/wp-json\/wp\/v2\/pages\/51\/revisions\/808"}],"wp:featuredmedia":[{"embeddable":true,"href":"https:\/\/karakter2000.hu\/index.php\/wp-json\/wp\/v2\/media\/25"}],"wp:attachment":[{"href":"https:\/\/karakter2000.hu\/index.php\/wp-json\/wp\/v2\/media?parent=51"}],"curies":[{"name":"wp","href":"https:\/\/api.w.org\/{rel}","templated":true}]}}