{"id":93,"date":"2016-02-25T13:55:03","date_gmt":"2016-02-25T12:55:03","guid":{"rendered":"http:\/\/localhost\/wordpress\/?page_id=93"},"modified":"2018-03-14T14:53:04","modified_gmt":"2018-03-14T13:53:04","slug":"uzleti-megoldasok","status":"publish","type":"page","link":"https:\/\/karakter2000.hu\/index.php\/uzleti-megoldasok\/","title":{"rendered":"\u00dczleti megold\u00e1sok"},"content":{"rendered":"<h2>\u00dczleti megold\u00e1sok<\/h2>\n<p>&nbsp;<\/p>\n<h4 style=\"text-align: center;\"><span style=\"color: #3366ff;\">Seg\u00edt\u00fcnk \u00d6nnek<\/span><\/h4>\n<p>&nbsp;<\/p>\n<p style=\"text-align: justify;\">A mai gyorsan v\u00e1ltoz\u00f3 piaci, jogi k\u00f6rnyezetben elengedhetetlen az \u00d6n v\u00e1llalat\u00e1nak, v\u00e1llalkoz\u00e1s\u00e1nak megfelel\u0151 m\u0171k\u00f6d\u00e9s\u00e9hez, m\u0171k\u00f6dtet\u00e9s\u00e9hez informatikai t\u00e1mogat\u00e1s. A v\u00e1llalkoz\u00e1s\u00e1nak c\u00e9ljai sok esetben csak megfelel\u0151 informatikai rendszerek alkalmaz\u00e1s\u00e1val \u00e9rhet\u0151ek el, ez\u00e9rt a helyesen kiv\u00e1lasztott \u00e9s kell\u0151 k\u00f6r\u00fcltekint\u00e9ssel alkalmazott megold\u00e1sok hat\u00e9konyabb\u00e1 teszik v\u00e1llalkoz\u00e1sa munk\u00e1j\u00e1t, drasztikusan cs\u00f6kkentik a hib\u00e1k el\u0151fordul\u00e1s\u00e1t \u00e9s seg\u00edtenek az \u00faj \u00fczleti lehet\u0151s\u00e9gek hat\u00e9kony kiakn\u00e1z\u00e1s\u00e1ban.<\/p>\n<p>&nbsp;<\/p>\n<table style=\"height: 146px; width: 743px;\">\n<tbody>\n<tr>\n<td style=\"width: 145px;\"><img loading=\"lazy\" decoding=\"async\" class=\"wp-image-171 aligncenter\" src=\"\/wp-content\/uploads\/2016\/03\/OpenSource.jpg\" alt=\"OpenSource\" width=\"350\" height=\"131\" \/><\/td>\n<td style=\"width: 590px;\">\n<h4 style=\"text-align: center;\">Open Source (ny\u00edlt forr\u00e1sk\u00f3d\u00fa) alapok<\/h4>\n<p style=\"text-align: center;\">A k\u00f6lts\u00e9ghat\u00e9konys\u00e1g, a megb\u00edzhat\u00f3s\u00e1g \u00e9s a magas fok\u00fa rendelkez\u00e9sre \u00e1ll\u00e1s miatt megold\u00e1sainkat, eszk\u00f6zeinket ny\u00edlt forr\u00e1sk\u00f3d\u00fa \u00e9s saj\u00e1t fejleszt\u00e9s\u0171 alapokra \u00e9p\u00edtj\u00fck.<\/p>\n<\/td>\n<\/tr>\n<\/tbody>\n<\/table>\n<p>&nbsp;<\/p>\n<p style=\"text-align: justify;\">\u00d6nnek csak a c\u00e9ljait kell megosztania vel\u00fcnk \u00e9s mi seg\u00edt\u00fcnk megtervezni majd megtenni az odavezet\u0151 utat. Megtervezz\u00fck, kialak\u00edtjuk, elind\u00edtjuk az \u00d6nnek sz\u00fcks\u00e9ges informatikai eszk\u00f6z\u00f6ket, munkat\u00e1rsait megtan\u00edtjuk ezen eszk\u00f6z\u00f6k professzion\u00e1lis alkalmaz\u00e1s\u00e1ra \u00e9s term\u00e9szetesen t\u00e1mogatjuk \u00d6nt ezen eszk\u00f6z\u00f6k folyamatos, hibamentes \u00fczemeltet\u00e9s\u00e9ben is.<\/p>\n<p>&nbsp;<\/p>\n<table style=\"height: 118px;\" width=\"748\">\n<tbody>\n<tr>\n<td style=\"text-align: center;\"><img loading=\"lazy\" decoding=\"async\" class=\"wp-image-234 aligncenter\" src=\"\/wp-content\/uploads\/2016\/02\/telefon_icon.png\" alt=\"\" width=\"79\" height=\"84\" \/><\/td>\n<td>\n<h4 style=\"text-align: center;\"><strong>Siker\u00fclt felkelten\u00fcnk az \u00e9rdekl\u0151d\u00e9s\u00e9t?<br \/>\nKeressen meg <a href=\"\/index.php\/kapcsolat\/\">minket<\/a>,<br \/>\n<\/strong><strong> hogy egy\u00fctt m\u00e9g sikeresebbek legy\u00fcnk!<\/strong><\/h4>\n<\/td>\n<td><img loading=\"lazy\" decoding=\"async\" class=\"wp-image-234 aligncenter\" src=\"\/wp-content\/uploads\/2016\/02\/telefon_icon.png\" alt=\"\" width=\"79\" height=\"84\" \/><\/td>\n<\/tr>\n<\/tbody>\n<\/table>\n<p>&nbsp;<\/p>\n","protected":false},"excerpt":{"rendered":"<p>\u00dczleti megold\u00e1sok &nbsp; Seg\u00edt\u00fcnk \u00d6nnek &nbsp; A mai gyorsan v\u00e1ltoz\u00f3 piaci, jogi k\u00f6rnyezetben elengedhetetlen az \u00d6n v\u00e1llalat\u00e1nak, v\u00e1llalkoz\u00e1s\u00e1nak megfelel\u0151 m\u0171k\u00f6d\u00e9s\u00e9hez, m\u0171k\u00f6dtet\u00e9s\u00e9hez informatikai t\u00e1mogat\u00e1s. A v\u00e1llalkoz\u00e1s\u00e1nak c\u00e9ljai sok esetben csak megfelel\u0151 informatikai rendszerek alkalmaz\u00e1s\u00e1val \u00e9rhet\u0151ek el, ez\u00e9rt a helyesen kiv\u00e1lasztott \u00e9s kell\u0151 k\u00f6r\u00fcltekint\u00e9ssel alkalmazott megold\u00e1sok hat\u00e9konyabb\u00e1 teszik v\u00e1llalkoz\u00e1sa munk\u00e1j\u00e1t, drasztikusan cs\u00f6kkentik a hib\u00e1k el\u0151fordul\u00e1s\u00e1t \u00e9s seg\u00edtenek<\/p>\n","protected":false},"author":1,"featured_media":106,"parent":0,"menu_order":0,"comment_status":"closed","ping_status":"closed","template":"","meta":{"footnotes":""},"yoast_head":"<!-- This site is optimized with the Yoast SEO plugin v22.4 - https:\/\/yoast.com\/wordpress\/plugins\/seo\/ -->\n<title>\u00dczleti megold\u00e1sok - Karakter 2000 Kft.<\/title>\n<meta name=\"description\" content=\"Azok az igaz\u00e1n j\u00f3 \u00fczleti megold\u00e1sok, amelyek hozz\u00e1seg\u00edtik alkalmaz\u00f3it, felhaszn\u00e1l\u00f3it c\u00e9ljaik el\u00e9r\u00e9s\u00e9ben. Enn\u00e9l kevesebbel mi sem \u00e9rj\u00fck be.\" \/>\n<meta name=\"robots\" content=\"index, follow, max-snippet:-1, max-image-preview:large, max-video-preview:-1\" \/>\n<link rel=\"canonical\" href=\"https:\/\/karakter2000.hu\/index.php\/uzleti-megoldasok\/\" \/>\n<meta name=\"twitter:label1\" content=\"Becs\u00fclt olvas\u00e1si id\u0151\" \/>\n\t<meta name=\"twitter:data1\" content=\"1 perc\" \/>\n<script type=\"application\/ld+json\" class=\"yoast-schema-graph\">{\"@context\":\"https:\/\/schema.org\",\"@graph\":[{\"@type\":\"WebPage\",\"@id\":\"https:\/\/karakter2000.hu\/index.php\/uzleti-megoldasok\/\",\"url\":\"https:\/\/karakter2000.hu\/index.php\/uzleti-megoldasok\/\",\"name\":\"\u00dczleti megold\u00e1sok - Karakter 2000 Kft.\",\"isPartOf\":{\"@id\":\"https:\/\/karakter2000.hu\/#website\"},\"primaryImageOfPage\":{\"@id\":\"https:\/\/karakter2000.hu\/index.php\/uzleti-megoldasok\/#primaryimage\"},\"image\":{\"@id\":\"https:\/\/karakter2000.hu\/index.php\/uzleti-megoldasok\/#primaryimage\"},\"thumbnailUrl\":\"https:\/\/karakter2000.hu\/wp-content\/uploads\/2016\/02\/business-intelligence-marketing-markets-and-it-service-management-requirements1.jpg\",\"datePublished\":\"2016-02-25T12:55:03+00:00\",\"dateModified\":\"2018-03-14T13:53:04+00:00\",\"description\":\"Azok az igaz\u00e1n j\u00f3 \u00fczleti megold\u00e1sok, amelyek hozz\u00e1seg\u00edtik alkalmaz\u00f3it, felhaszn\u00e1l\u00f3it c\u00e9ljaik el\u00e9r\u00e9s\u00e9ben. Enn\u00e9l kevesebbel mi sem \u00e9rj\u00fck be.\",\"breadcrumb\":{\"@id\":\"https:\/\/karakter2000.hu\/index.php\/uzleti-megoldasok\/#breadcrumb\"},\"inLanguage\":\"hu\",\"potentialAction\":[{\"@type\":\"ReadAction\",\"target\":[\"https:\/\/karakter2000.hu\/index.php\/uzleti-megoldasok\/\"]}]},{\"@type\":\"ImageObject\",\"inLanguage\":\"hu\",\"@id\":\"https:\/\/karakter2000.hu\/index.php\/uzleti-megoldasok\/#primaryimage\",\"url\":\"https:\/\/karakter2000.hu\/wp-content\/uploads\/2016\/02\/business-intelligence-marketing-markets-and-it-service-management-requirements1.jpg\",\"contentUrl\":\"https:\/\/karakter2000.hu\/wp-content\/uploads\/2016\/02\/business-intelligence-marketing-markets-and-it-service-management-requirements1.jpg\",\"width\":1000,\"height\":575},{\"@type\":\"BreadcrumbList\",\"@id\":\"https:\/\/karakter2000.hu\/index.php\/uzleti-megoldasok\/#breadcrumb\",\"itemListElement\":[{\"@type\":\"ListItem\",\"position\":1,\"name\":\"Home\",\"item\":\"https:\/\/karakter2000.hu\/\"},{\"@type\":\"ListItem\",\"position\":2,\"name\":\"\u00dczleti megold\u00e1sok\"}]},{\"@type\":\"WebSite\",\"@id\":\"https:\/\/karakter2000.hu\/#website\",\"url\":\"https:\/\/karakter2000.hu\/\",\"name\":\"Karakter 2000 Kft.\",\"description\":\"Tudjuk a megold\u00e1st \u00e9s meg is osztjuk \u00d6nnel!\",\"potentialAction\":[{\"@type\":\"SearchAction\",\"target\":{\"@type\":\"EntryPoint\",\"urlTemplate\":\"https:\/\/karakter2000.hu\/?s={search_term_string}\"},\"query-input\":\"required name=search_term_string\"}],\"inLanguage\":\"hu\"}]}<\/script>\n<!-- \/ Yoast SEO plugin. -->","yoast_head_json":{"title":"\u00dczleti megold\u00e1sok - Karakter 2000 Kft.","description":"Azok az igaz\u00e1n j\u00f3 \u00fczleti megold\u00e1sok, amelyek hozz\u00e1seg\u00edtik alkalmaz\u00f3it, felhaszn\u00e1l\u00f3it c\u00e9ljaik el\u00e9r\u00e9s\u00e9ben. Enn\u00e9l kevesebbel mi sem \u00e9rj\u00fck be.","robots":{"index":"index","follow":"follow","max-snippet":"max-snippet:-1","max-image-preview":"max-image-preview:large","max-video-preview":"max-video-preview:-1"},"canonical":"https:\/\/karakter2000.hu\/index.php\/uzleti-megoldasok\/","twitter_misc":{"Becs\u00fclt olvas\u00e1si id\u0151":"1 perc"},"schema":{"@context":"https:\/\/schema.org","@graph":[{"@type":"WebPage","@id":"https:\/\/karakter2000.hu\/index.php\/uzleti-megoldasok\/","url":"https:\/\/karakter2000.hu\/index.php\/uzleti-megoldasok\/","name":"\u00dczleti megold\u00e1sok - Karakter 2000 Kft.","isPartOf":{"@id":"https:\/\/karakter2000.hu\/#website"},"primaryImageOfPage":{"@id":"https:\/\/karakter2000.hu\/index.php\/uzleti-megoldasok\/#primaryimage"},"image":{"@id":"https:\/\/karakter2000.hu\/index.php\/uzleti-megoldasok\/#primaryimage"},"thumbnailUrl":"https:\/\/karakter2000.hu\/wp-content\/uploads\/2016\/02\/business-intelligence-marketing-markets-and-it-service-management-requirements1.jpg","datePublished":"2016-02-25T12:55:03+00:00","dateModified":"2018-03-14T13:53:04+00:00","description":"Azok az igaz\u00e1n j\u00f3 \u00fczleti megold\u00e1sok, amelyek hozz\u00e1seg\u00edtik alkalmaz\u00f3it, felhaszn\u00e1l\u00f3it c\u00e9ljaik el\u00e9r\u00e9s\u00e9ben. Enn\u00e9l kevesebbel mi sem \u00e9rj\u00fck be.","breadcrumb":{"@id":"https:\/\/karakter2000.hu\/index.php\/uzleti-megoldasok\/#breadcrumb"},"inLanguage":"hu","potentialAction":[{"@type":"ReadAction","target":["https:\/\/karakter2000.hu\/index.php\/uzleti-megoldasok\/"]}]},{"@type":"ImageObject","inLanguage":"hu","@id":"https:\/\/karakter2000.hu\/index.php\/uzleti-megoldasok\/#primaryimage","url":"https:\/\/karakter2000.hu\/wp-content\/uploads\/2016\/02\/business-intelligence-marketing-markets-and-it-service-management-requirements1.jpg","contentUrl":"https:\/\/karakter2000.hu\/wp-content\/uploads\/2016\/02\/business-intelligence-marketing-markets-and-it-service-management-requirements1.jpg","width":1000,"height":575},{"@type":"BreadcrumbList","@id":"https:\/\/karakter2000.hu\/index.php\/uzleti-megoldasok\/#breadcrumb","itemListElement":[{"@type":"ListItem","position":1,"name":"Home","item":"https:\/\/karakter2000.hu\/"},{"@type":"ListItem","position":2,"name":"\u00dczleti megold\u00e1sok"}]},{"@type":"WebSite","@id":"https:\/\/karakter2000.hu\/#website","url":"https:\/\/karakter2000.hu\/","name":"Karakter 2000 Kft.","description":"Tudjuk a megold\u00e1st \u00e9s meg is osztjuk \u00d6nnel!","potentialAction":[{"@type":"SearchAction","target":{"@type":"EntryPoint","urlTemplate":"https:\/\/karakter2000.hu\/?s={search_term_string}"},"query-input":"required name=search_term_string"}],"inLanguage":"hu"}]}},"post_mailing_queue_ids":[],"_links":{"self":[{"href":"https:\/\/karakter2000.hu\/index.php\/wp-json\/wp\/v2\/pages\/93"}],"collection":[{"href":"https:\/\/karakter2000.hu\/index.php\/wp-json\/wp\/v2\/pages"}],"about":[{"href":"https:\/\/karakter2000.hu\/index.php\/wp-json\/wp\/v2\/types\/page"}],"author":[{"embeddable":true,"href":"https:\/\/karakter2000.hu\/index.php\/wp-json\/wp\/v2\/users\/1"}],"replies":[{"embeddable":true,"href":"https:\/\/karakter2000.hu\/index.php\/wp-json\/wp\/v2\/comments?post=93"}],"version-history":[{"count":73,"href":"https:\/\/karakter2000.hu\/index.php\/wp-json\/wp\/v2\/pages\/93\/revisions"}],"predecessor-version":[{"id":807,"href":"https:\/\/karakter2000.hu\/index.php\/wp-json\/wp\/v2\/pages\/93\/revisions\/807"}],"wp:featuredmedia":[{"embeddable":true,"href":"https:\/\/karakter2000.hu\/index.php\/wp-json\/wp\/v2\/media\/106"}],"wp:attachment":[{"href":"https:\/\/karakter2000.hu\/index.php\/wp-json\/wp\/v2\/media?parent=93"}],"curies":[{"name":"wp","href":"https:\/\/api.w.org\/{rel}","templated":true}]}}