{"id":95,"date":"2016-02-25T13:57:06","date_gmt":"2016-02-25T12:57:06","guid":{"rendered":"http:\/\/localhost\/wordpress\/?page_id=95"},"modified":"2018-03-14T14:10:03","modified_gmt":"2018-03-14T13:10:03","slug":"tamogatas","status":"publish","type":"page","link":"https:\/\/karakter2000.hu\/index.php\/tamogatas\/","title":{"rendered":"T\u00e1mogat\u00e1s"},"content":{"rendered":"<h2>T\u00e1mogat\u00e1s<\/h2>\n<p>&nbsp;<\/p>\n<h4 style=\"text-align: center;\"><span style=\"color: #3366ff;\">Mi a Karakter 2000 Kft.-n\u00e9l mindig hossz\u00fat\u00e1vra tervez\u00fcnk<\/span><\/h4>\n<p>&nbsp;<\/p>\n<p style=\"text-align: justify;\">\u00dczleti modell\u00fcnket els\u0151sorban a tart\u00f3s, k\u00f6lcs\u00f6n\u00f6sen sikeres kapcsolatokra \u00e9p\u00edtj\u00fck, ez\u00e9rt tev\u00e9kenys\u00e9g\u00fcnk sor\u00e1n a hangs\u00falyt els\u0151dlegesen term\u00e9keink \u00e9s szolg\u00e1ltat\u00e1saink hossz\u00fat\u00e1v\u00fa, el\u00e9gedett haszn\u00e1lat\u00e1ra \u00e9s nem azok egyszeri \u00e9rt\u00e9kes\u00edt\u00e9s\u00e9re helyezz\u00fck.<\/p>\n<p style=\"text-align: justify;\">Megold\u00e1sainkat, term\u00e9keinket \u00e9s azok felhaszn\u00e1l\u00e1si k\u00f6rnyezet\u00e9t egyedi ig\u00e9nyeknek megfelel\u0151en telep\u00edtj\u00fck, implement\u00e1ljuk, a leend\u0151 felhaszn\u00e1l\u00f3kat oktat\u00e1sban r\u00e9szes\u00edtj\u00fck \u00e9s a teljes \u00e9letciklus alatt az elv\u00e1r\u00e1soknak megfelel\u0151en \u00fczemeltetj\u00fck ill. a haszn\u00e1lat sor\u00e1n felmer\u00fclt \u00faj ig\u00e9nyeknek, a v\u00e1ltoz\u00f3 piaci vagy jogi helyzeteknek megfelel\u0151en folyamatosan fejlesztj\u00fck.<\/p>\n<p>&nbsp;<\/p>\n<table style=\"height: 118px;\" width=\"748\">\n<tbody>\n<tr>\n<td style=\"text-align: center; vertical-align: middle;\"><img loading=\"lazy\" decoding=\"async\" class=\"wp-image-234 aligncenter\" src=\"\/wp-content\/uploads\/2016\/02\/telefon_icon.png\" alt=\"\" width=\"79\" height=\"84\" \/><\/td>\n<td>\n<h4 style=\"text-align: center;\"><strong>Siker\u00fclt felkelten\u00fcnk az \u00e9rdekl\u0151d\u00e9s\u00e9t?<br \/>\nKeressen meg <a href=\"\/index.php\/kapcsolat\/\">minket<\/a>,<br \/>\n<\/strong><strong> hogy egy\u00fctt m\u00e9g sikeresebbek legy\u00fcnk!<\/strong><\/h4>\n<\/td>\n<td style=\"text-align: center; vertical-align: middle;\"><img loading=\"lazy\" decoding=\"async\" class=\"wp-image-234 aligncenter\" src=\"\/wp-content\/uploads\/2016\/02\/telefon_icon.png\" alt=\"\" width=\"79\" height=\"84\" \/><\/td>\n<\/tr>\n<\/tbody>\n<\/table>\n<p>&nbsp;<\/p>\n<p>&nbsp;<\/p>\n","protected":false},"excerpt":{"rendered":"<p>T\u00e1mogat\u00e1s &nbsp; Mi a Karakter 2000 Kft.-n\u00e9l mindig hossz\u00fat\u00e1vra tervez\u00fcnk &nbsp; \u00dczleti modell\u00fcnket els\u0151sorban a tart\u00f3s, k\u00f6lcs\u00f6n\u00f6sen sikeres kapcsolatokra \u00e9p\u00edtj\u00fck, ez\u00e9rt tev\u00e9kenys\u00e9g\u00fcnk sor\u00e1n a hangs\u00falyt els\u0151dlegesen term\u00e9keink \u00e9s szolg\u00e1ltat\u00e1saink hossz\u00fat\u00e1v\u00fa, el\u00e9gedett haszn\u00e1lat\u00e1ra \u00e9s nem azok egyszeri \u00e9rt\u00e9kes\u00edt\u00e9s\u00e9re helyezz\u00fck. Megold\u00e1sainkat, term\u00e9keinket \u00e9s azok felhaszn\u00e1l\u00e1si k\u00f6rnyezet\u00e9t egyedi ig\u00e9nyeknek megfelel\u0151en telep\u00edtj\u00fck, implement\u00e1ljuk, a leend\u0151 felhaszn\u00e1l\u00f3kat oktat\u00e1sban r\u00e9szes\u00edtj\u00fck \u00e9s<\/p>\n","protected":false},"author":1,"featured_media":109,"parent":0,"menu_order":0,"comment_status":"closed","ping_status":"closed","template":"","meta":{"footnotes":""},"yoast_head":"<!-- This site is optimized with the Yoast SEO plugin v22.4 - https:\/\/yoast.com\/wordpress\/plugins\/seo\/ -->\n<title>T\u00e1mogat\u00e1s - Karakter 2000 Kft.<\/title>\n<meta name=\"description\" content=\"Ki tudn\u00e1 jobban, k\u00f6lts\u00e9ghat\u00e9konyabban \u00fczemeltetni IT rendszer\u00e9t, kit\u0151l kaphatna jobb t\u00e1mogat\u00e1st probl\u00e9m\u00e1i megold\u00e1s\u00e1hoz, mint azokt\u00f3l, akik a rendszert megalkott\u00e1k?\" \/>\n<meta name=\"robots\" content=\"index, follow, max-snippet:-1, max-image-preview:large, max-video-preview:-1\" \/>\n<link rel=\"canonical\" href=\"https:\/\/karakter2000.hu\/index.php\/tamogatas\/\" \/>\n<meta name=\"twitter:label1\" content=\"Becs\u00fclt olvas\u00e1si id\u0151\" \/>\n\t<meta name=\"twitter:data1\" content=\"1 perc\" \/>\n<script type=\"application\/ld+json\" class=\"yoast-schema-graph\">{\"@context\":\"https:\/\/schema.org\",\"@graph\":[{\"@type\":\"WebPage\",\"@id\":\"https:\/\/karakter2000.hu\/index.php\/tamogatas\/\",\"url\":\"https:\/\/karakter2000.hu\/index.php\/tamogatas\/\",\"name\":\"T\u00e1mogat\u00e1s - Karakter 2000 Kft.\",\"isPartOf\":{\"@id\":\"https:\/\/karakter2000.hu\/#website\"},\"primaryImageOfPage\":{\"@id\":\"https:\/\/karakter2000.hu\/index.php\/tamogatas\/#primaryimage\"},\"image\":{\"@id\":\"https:\/\/karakter2000.hu\/index.php\/tamogatas\/#primaryimage\"},\"thumbnailUrl\":\"https:\/\/karakter2000.hu\/wp-content\/uploads\/2016\/02\/technical_support_services.jpg\",\"datePublished\":\"2016-02-25T12:57:06+00:00\",\"dateModified\":\"2018-03-14T13:10:03+00:00\",\"description\":\"Ki tudn\u00e1 jobban, k\u00f6lts\u00e9ghat\u00e9konyabban \u00fczemeltetni IT rendszer\u00e9t, kit\u0151l kaphatna jobb t\u00e1mogat\u00e1st probl\u00e9m\u00e1i megold\u00e1s\u00e1hoz, mint azokt\u00f3l, akik a rendszert megalkott\u00e1k?\",\"breadcrumb\":{\"@id\":\"https:\/\/karakter2000.hu\/index.php\/tamogatas\/#breadcrumb\"},\"inLanguage\":\"hu\",\"potentialAction\":[{\"@type\":\"ReadAction\",\"target\":[\"https:\/\/karakter2000.hu\/index.php\/tamogatas\/\"]}]},{\"@type\":\"ImageObject\",\"inLanguage\":\"hu\",\"@id\":\"https:\/\/karakter2000.hu\/index.php\/tamogatas\/#primaryimage\",\"url\":\"https:\/\/karakter2000.hu\/wp-content\/uploads\/2016\/02\/technical_support_services.jpg\",\"contentUrl\":\"https:\/\/karakter2000.hu\/wp-content\/uploads\/2016\/02\/technical_support_services.jpg\",\"width\":1920,\"height\":750},{\"@type\":\"BreadcrumbList\",\"@id\":\"https:\/\/karakter2000.hu\/index.php\/tamogatas\/#breadcrumb\",\"itemListElement\":[{\"@type\":\"ListItem\",\"position\":1,\"name\":\"Home\",\"item\":\"https:\/\/karakter2000.hu\/\"},{\"@type\":\"ListItem\",\"position\":2,\"name\":\"T\u00e1mogat\u00e1s\"}]},{\"@type\":\"WebSite\",\"@id\":\"https:\/\/karakter2000.hu\/#website\",\"url\":\"https:\/\/karakter2000.hu\/\",\"name\":\"Karakter 2000 Kft.\",\"description\":\"Tudjuk a megold\u00e1st \u00e9s meg is osztjuk \u00d6nnel!\",\"potentialAction\":[{\"@type\":\"SearchAction\",\"target\":{\"@type\":\"EntryPoint\",\"urlTemplate\":\"https:\/\/karakter2000.hu\/?s={search_term_string}\"},\"query-input\":\"required name=search_term_string\"}],\"inLanguage\":\"hu\"}]}<\/script>\n<!-- \/ Yoast SEO plugin. -->","yoast_head_json":{"title":"T\u00e1mogat\u00e1s - Karakter 2000 Kft.","description":"Ki tudn\u00e1 jobban, k\u00f6lts\u00e9ghat\u00e9konyabban \u00fczemeltetni IT rendszer\u00e9t, kit\u0151l kaphatna jobb t\u00e1mogat\u00e1st probl\u00e9m\u00e1i megold\u00e1s\u00e1hoz, mint azokt\u00f3l, akik a rendszert megalkott\u00e1k?","robots":{"index":"index","follow":"follow","max-snippet":"max-snippet:-1","max-image-preview":"max-image-preview:large","max-video-preview":"max-video-preview:-1"},"canonical":"https:\/\/karakter2000.hu\/index.php\/tamogatas\/","twitter_misc":{"Becs\u00fclt olvas\u00e1si id\u0151":"1 perc"},"schema":{"@context":"https:\/\/schema.org","@graph":[{"@type":"WebPage","@id":"https:\/\/karakter2000.hu\/index.php\/tamogatas\/","url":"https:\/\/karakter2000.hu\/index.php\/tamogatas\/","name":"T\u00e1mogat\u00e1s - Karakter 2000 Kft.","isPartOf":{"@id":"https:\/\/karakter2000.hu\/#website"},"primaryImageOfPage":{"@id":"https:\/\/karakter2000.hu\/index.php\/tamogatas\/#primaryimage"},"image":{"@id":"https:\/\/karakter2000.hu\/index.php\/tamogatas\/#primaryimage"},"thumbnailUrl":"https:\/\/karakter2000.hu\/wp-content\/uploads\/2016\/02\/technical_support_services.jpg","datePublished":"2016-02-25T12:57:06+00:00","dateModified":"2018-03-14T13:10:03+00:00","description":"Ki tudn\u00e1 jobban, k\u00f6lts\u00e9ghat\u00e9konyabban \u00fczemeltetni IT rendszer\u00e9t, kit\u0151l kaphatna jobb t\u00e1mogat\u00e1st probl\u00e9m\u00e1i megold\u00e1s\u00e1hoz, mint azokt\u00f3l, akik a rendszert megalkott\u00e1k?","breadcrumb":{"@id":"https:\/\/karakter2000.hu\/index.php\/tamogatas\/#breadcrumb"},"inLanguage":"hu","potentialAction":[{"@type":"ReadAction","target":["https:\/\/karakter2000.hu\/index.php\/tamogatas\/"]}]},{"@type":"ImageObject","inLanguage":"hu","@id":"https:\/\/karakter2000.hu\/index.php\/tamogatas\/#primaryimage","url":"https:\/\/karakter2000.hu\/wp-content\/uploads\/2016\/02\/technical_support_services.jpg","contentUrl":"https:\/\/karakter2000.hu\/wp-content\/uploads\/2016\/02\/technical_support_services.jpg","width":1920,"height":750},{"@type":"BreadcrumbList","@id":"https:\/\/karakter2000.hu\/index.php\/tamogatas\/#breadcrumb","itemListElement":[{"@type":"ListItem","position":1,"name":"Home","item":"https:\/\/karakter2000.hu\/"},{"@type":"ListItem","position":2,"name":"T\u00e1mogat\u00e1s"}]},{"@type":"WebSite","@id":"https:\/\/karakter2000.hu\/#website","url":"https:\/\/karakter2000.hu\/","name":"Karakter 2000 Kft.","description":"Tudjuk a megold\u00e1st \u00e9s meg is osztjuk \u00d6nnel!","potentialAction":[{"@type":"SearchAction","target":{"@type":"EntryPoint","urlTemplate":"https:\/\/karakter2000.hu\/?s={search_term_string}"},"query-input":"required name=search_term_string"}],"inLanguage":"hu"}]}},"post_mailing_queue_ids":[],"_links":{"self":[{"href":"https:\/\/karakter2000.hu\/index.php\/wp-json\/wp\/v2\/pages\/95"}],"collection":[{"href":"https:\/\/karakter2000.hu\/index.php\/wp-json\/wp\/v2\/pages"}],"about":[{"href":"https:\/\/karakter2000.hu\/index.php\/wp-json\/wp\/v2\/types\/page"}],"author":[{"embeddable":true,"href":"https:\/\/karakter2000.hu\/index.php\/wp-json\/wp\/v2\/users\/1"}],"replies":[{"embeddable":true,"href":"https:\/\/karakter2000.hu\/index.php\/wp-json\/wp\/v2\/comments?post=95"}],"version-history":[{"count":23,"href":"https:\/\/karakter2000.hu\/index.php\/wp-json\/wp\/v2\/pages\/95\/revisions"}],"predecessor-version":[{"id":583,"href":"https:\/\/karakter2000.hu\/index.php\/wp-json\/wp\/v2\/pages\/95\/revisions\/583"}],"wp:featuredmedia":[{"embeddable":true,"href":"https:\/\/karakter2000.hu\/index.php\/wp-json\/wp\/v2\/media\/109"}],"wp:attachment":[{"href":"https:\/\/karakter2000.hu\/index.php\/wp-json\/wp\/v2\/media?parent=95"}],"curies":[{"name":"wp","href":"https:\/\/api.w.org\/{rel}","templated":true}]}}