{"id":97,"date":"2016-02-25T13:58:11","date_gmt":"2016-02-25T12:58:11","guid":{"rendered":"http:\/\/localhost\/wordpress\/?page_id=97"},"modified":"2018-03-14T13:52:06","modified_gmt":"2018-03-14T12:52:06","slug":"szoftver-fejlesztes","status":"publish","type":"page","link":"https:\/\/karakter2000.hu\/index.php\/szoftver-fejlesztes\/","title":{"rendered":"Szoftver fejleszt\u00e9s"},"content":{"rendered":"<h2>Szoftver fejleszt\u00e9s<\/h2>\n<p>&nbsp;<\/p>\n<h4 style=\"text-align: center;\"><span style=\"color: #3366ff;\">Nem kell kompromisszumot k\u00f6tnie<\/span><\/h4>\n<p style=\"text-align: justify;\">Felk\u00e9sz\u00fclt \u00e9s elk\u00f6telezett munkat\u00e1rsaink seg\u00edtenek egyedi, k\u00fcl\u00f6nleges probl\u00e9m\u00e1inak megold\u00e1s\u00e1ban an\u00e9lk\u00fcl, hogy ehhez j\u00f3l m\u0171k\u00f6d\u0151 c\u00e9g\u00e9nek, v\u00e1llalkoz\u00e1s\u00e1nak tev\u00e9kenys\u00e9geit, szervezeti fel\u00e9p\u00edt\u00e9s\u00e9t kellene \u00e1tszervezni, az elk\u00e9sz\u00fclt egyedi szoftver eszk\u00f6z\u00f6ket pedig ig\u00e9ny eset\u00e9n komplex megold\u00e1sainkba integr\u00e1ljuk.<\/p>\n<p>&nbsp;<\/p>\n<table style=\"height: 151px; width: 749px;\">\n<tbody>\n<tr>\n<td style=\"width: 160px;\"><img loading=\"lazy\" decoding=\"async\" class=\"alignnone wp-image-171\" src=\"\/wp-content\/uploads\/2016\/03\/OpenSource.jpg\" alt=\"OpenSource\" width=\"350\" height=\"152\" \/><\/td>\n<td style=\"width: 583px;\">\n<h4 style=\"text-align: center;\">Open Source (ny\u00edlt forr\u00e1sk\u00f3d\u00fa) alapok<\/h4>\n<p style=\"text-align: center;\">A k\u00f6lts\u00e9ghat\u00e9konys\u00e1g, a megb\u00edzhat\u00f3s\u00e1g \u00e9s a magas fok\u00fa rendelkez\u00e9sre \u00e1ll\u00e1s miatt megold\u00e1sainkat, eszk\u00f6zeinket &#8211; \u00edgy egyedi szoftvereinket is &#8211; ny\u00edlt forr\u00e1sk\u00f3d\u00fa alapokra \u00e9p\u00edtj\u00fck.<\/p>\n<\/td>\n<\/tr>\n<\/tbody>\n<\/table>\n<p>&nbsp;<\/p>\n<table style=\"height: 118px;\" width=\"748\">\n<tbody>\n<tr>\n<td style=\"text-align: center; vertical-align: middle;\"><img loading=\"lazy\" decoding=\"async\" class=\"wp-image-234 aligncenter\" src=\"\/wp-content\/uploads\/2016\/02\/telefon_icon.png\" alt=\"\" width=\"79\" height=\"84\" \/><\/td>\n<td>\n<h4 style=\"text-align: center;\"><strong>Siker\u00fclt felkelten\u00fcnk az \u00e9rdekl\u0151d\u00e9s\u00e9t?<br \/>\nKeressen meg <a href=\"\/index.php\/kapcsolat\/\">minket<\/a>,<br \/>\n<\/strong><strong> hogy egy\u00fctt m\u00e9g sikeresebbek legy\u00fcnk!<\/strong><\/h4>\n<\/td>\n<td style=\"text-align: center; vertical-align: middle;\"><img loading=\"lazy\" decoding=\"async\" class=\"wp-image-234 aligncenter\" src=\"\/wp-content\/uploads\/2016\/02\/telefon_icon.png\" alt=\"\" width=\"79\" height=\"84\" \/><\/td>\n<\/tr>\n<\/tbody>\n<\/table>\n<p>&nbsp;<\/p>\n<p>&nbsp;<\/p>\n","protected":false},"excerpt":{"rendered":"<p>Szoftver fejleszt\u00e9s &nbsp; Nem kell kompromisszumot k\u00f6tnie Felk\u00e9sz\u00fclt \u00e9s elk\u00f6telezett munkat\u00e1rsaink seg\u00edtenek egyedi, k\u00fcl\u00f6nleges probl\u00e9m\u00e1inak megold\u00e1s\u00e1ban an\u00e9lk\u00fcl, hogy ehhez j\u00f3l m\u0171k\u00f6d\u0151 c\u00e9g\u00e9nek, v\u00e1llalkoz\u00e1s\u00e1nak tev\u00e9kenys\u00e9geit, szervezeti fel\u00e9p\u00edt\u00e9s\u00e9t kellene \u00e1tszervezni, az elk\u00e9sz\u00fclt egyedi szoftver eszk\u00f6z\u00f6ket pedig ig\u00e9ny eset\u00e9n komplex megold\u00e1sainkba integr\u00e1ljuk. &nbsp; Open Source (ny\u00edlt forr\u00e1sk\u00f3d\u00fa) alapok A k\u00f6lts\u00e9ghat\u00e9konys\u00e1g, a megb\u00edzhat\u00f3s\u00e1g \u00e9s a magas fok\u00fa rendelkez\u00e9sre \u00e1ll\u00e1s<\/p>\n","protected":false},"author":1,"featured_media":110,"parent":0,"menu_order":0,"comment_status":"closed","ping_status":"closed","template":"","meta":{"footnotes":""},"yoast_head":"<!-- This site is optimized with the Yoast SEO plugin v22.4 - https:\/\/yoast.com\/wordpress\/plugins\/seo\/ -->\n<title>Szoftver fejleszt\u00e9s - Karakter 2000 Kft.<\/title>\n<meta name=\"description\" content=\"Egyedi ig\u00e9nyek megval\u00f3s\u00edt\u00e1sa Unix, Linux rendszerekben, open source alapokon \u00e9s az \u00edgy l\u00e9trej\u00f6v\u0151 eszk\u00f6z\u00f6k be\u00e9p\u00edt\u00e9se komplex logisztikai, ERP, VIR rendszerekbe.\" \/>\n<meta name=\"robots\" content=\"index, follow, max-snippet:-1, max-image-preview:large, max-video-preview:-1\" \/>\n<link rel=\"canonical\" href=\"https:\/\/karakter2000.hu\/index.php\/szoftver-fejlesztes\/\" \/>\n<meta name=\"twitter:label1\" content=\"Becs\u00fclt olvas\u00e1si id\u0151\" \/>\n\t<meta name=\"twitter:data1\" content=\"1 perc\" \/>\n<script type=\"application\/ld+json\" class=\"yoast-schema-graph\">{\"@context\":\"https:\/\/schema.org\",\"@graph\":[{\"@type\":\"WebPage\",\"@id\":\"https:\/\/karakter2000.hu\/index.php\/szoftver-fejlesztes\/\",\"url\":\"https:\/\/karakter2000.hu\/index.php\/szoftver-fejlesztes\/\",\"name\":\"Szoftver fejleszt\u00e9s - Karakter 2000 Kft.\",\"isPartOf\":{\"@id\":\"https:\/\/karakter2000.hu\/#website\"},\"primaryImageOfPage\":{\"@id\":\"https:\/\/karakter2000.hu\/index.php\/szoftver-fejlesztes\/#primaryimage\"},\"image\":{\"@id\":\"https:\/\/karakter2000.hu\/index.php\/szoftver-fejlesztes\/#primaryimage\"},\"thumbnailUrl\":\"https:\/\/karakter2000.hu\/wp-content\/uploads\/2016\/02\/CoolTechBanner-2.png\",\"datePublished\":\"2016-02-25T12:58:11+00:00\",\"dateModified\":\"2018-03-14T12:52:06+00:00\",\"description\":\"Egyedi ig\u00e9nyek megval\u00f3s\u00edt\u00e1sa Unix, Linux rendszerekben, open source alapokon \u00e9s az \u00edgy l\u00e9trej\u00f6v\u0151 eszk\u00f6z\u00f6k be\u00e9p\u00edt\u00e9se komplex logisztikai, ERP, VIR rendszerekbe.\",\"breadcrumb\":{\"@id\":\"https:\/\/karakter2000.hu\/index.php\/szoftver-fejlesztes\/#breadcrumb\"},\"inLanguage\":\"hu\",\"potentialAction\":[{\"@type\":\"ReadAction\",\"target\":[\"https:\/\/karakter2000.hu\/index.php\/szoftver-fejlesztes\/\"]}]},{\"@type\":\"ImageObject\",\"inLanguage\":\"hu\",\"@id\":\"https:\/\/karakter2000.hu\/index.php\/szoftver-fejlesztes\/#primaryimage\",\"url\":\"https:\/\/karakter2000.hu\/wp-content\/uploads\/2016\/02\/CoolTechBanner-2.png\",\"contentUrl\":\"https:\/\/karakter2000.hu\/wp-content\/uploads\/2016\/02\/CoolTechBanner-2.png\",\"width\":940,\"height\":198},{\"@type\":\"BreadcrumbList\",\"@id\":\"https:\/\/karakter2000.hu\/index.php\/szoftver-fejlesztes\/#breadcrumb\",\"itemListElement\":[{\"@type\":\"ListItem\",\"position\":1,\"name\":\"Home\",\"item\":\"https:\/\/karakter2000.hu\/\"},{\"@type\":\"ListItem\",\"position\":2,\"name\":\"Szoftver fejleszt\u00e9s\"}]},{\"@type\":\"WebSite\",\"@id\":\"https:\/\/karakter2000.hu\/#website\",\"url\":\"https:\/\/karakter2000.hu\/\",\"name\":\"Karakter 2000 Kft.\",\"description\":\"Tudjuk a megold\u00e1st \u00e9s meg is osztjuk \u00d6nnel!\",\"potentialAction\":[{\"@type\":\"SearchAction\",\"target\":{\"@type\":\"EntryPoint\",\"urlTemplate\":\"https:\/\/karakter2000.hu\/?s={search_term_string}\"},\"query-input\":\"required name=search_term_string\"}],\"inLanguage\":\"hu\"}]}<\/script>\n<!-- \/ Yoast SEO plugin. -->","yoast_head_json":{"title":"Szoftver fejleszt\u00e9s - Karakter 2000 Kft.","description":"Egyedi ig\u00e9nyek megval\u00f3s\u00edt\u00e1sa Unix, Linux rendszerekben, open source alapokon \u00e9s az \u00edgy l\u00e9trej\u00f6v\u0151 eszk\u00f6z\u00f6k be\u00e9p\u00edt\u00e9se komplex logisztikai, ERP, VIR rendszerekbe.","robots":{"index":"index","follow":"follow","max-snippet":"max-snippet:-1","max-image-preview":"max-image-preview:large","max-video-preview":"max-video-preview:-1"},"canonical":"https:\/\/karakter2000.hu\/index.php\/szoftver-fejlesztes\/","twitter_misc":{"Becs\u00fclt olvas\u00e1si id\u0151":"1 perc"},"schema":{"@context":"https:\/\/schema.org","@graph":[{"@type":"WebPage","@id":"https:\/\/karakter2000.hu\/index.php\/szoftver-fejlesztes\/","url":"https:\/\/karakter2000.hu\/index.php\/szoftver-fejlesztes\/","name":"Szoftver fejleszt\u00e9s - Karakter 2000 Kft.","isPartOf":{"@id":"https:\/\/karakter2000.hu\/#website"},"primaryImageOfPage":{"@id":"https:\/\/karakter2000.hu\/index.php\/szoftver-fejlesztes\/#primaryimage"},"image":{"@id":"https:\/\/karakter2000.hu\/index.php\/szoftver-fejlesztes\/#primaryimage"},"thumbnailUrl":"https:\/\/karakter2000.hu\/wp-content\/uploads\/2016\/02\/CoolTechBanner-2.png","datePublished":"2016-02-25T12:58:11+00:00","dateModified":"2018-03-14T12:52:06+00:00","description":"Egyedi ig\u00e9nyek megval\u00f3s\u00edt\u00e1sa Unix, Linux rendszerekben, open source alapokon \u00e9s az \u00edgy l\u00e9trej\u00f6v\u0151 eszk\u00f6z\u00f6k be\u00e9p\u00edt\u00e9se komplex logisztikai, ERP, VIR rendszerekbe.","breadcrumb":{"@id":"https:\/\/karakter2000.hu\/index.php\/szoftver-fejlesztes\/#breadcrumb"},"inLanguage":"hu","potentialAction":[{"@type":"ReadAction","target":["https:\/\/karakter2000.hu\/index.php\/szoftver-fejlesztes\/"]}]},{"@type":"ImageObject","inLanguage":"hu","@id":"https:\/\/karakter2000.hu\/index.php\/szoftver-fejlesztes\/#primaryimage","url":"https:\/\/karakter2000.hu\/wp-content\/uploads\/2016\/02\/CoolTechBanner-2.png","contentUrl":"https:\/\/karakter2000.hu\/wp-content\/uploads\/2016\/02\/CoolTechBanner-2.png","width":940,"height":198},{"@type":"BreadcrumbList","@id":"https:\/\/karakter2000.hu\/index.php\/szoftver-fejlesztes\/#breadcrumb","itemListElement":[{"@type":"ListItem","position":1,"name":"Home","item":"https:\/\/karakter2000.hu\/"},{"@type":"ListItem","position":2,"name":"Szoftver fejleszt\u00e9s"}]},{"@type":"WebSite","@id":"https:\/\/karakter2000.hu\/#website","url":"https:\/\/karakter2000.hu\/","name":"Karakter 2000 Kft.","description":"Tudjuk a megold\u00e1st \u00e9s meg is osztjuk \u00d6nnel!","potentialAction":[{"@type":"SearchAction","target":{"@type":"EntryPoint","urlTemplate":"https:\/\/karakter2000.hu\/?s={search_term_string}"},"query-input":"required name=search_term_string"}],"inLanguage":"hu"}]}},"post_mailing_queue_ids":[],"_links":{"self":[{"href":"https:\/\/karakter2000.hu\/index.php\/wp-json\/wp\/v2\/pages\/97"}],"collection":[{"href":"https:\/\/karakter2000.hu\/index.php\/wp-json\/wp\/v2\/pages"}],"about":[{"href":"https:\/\/karakter2000.hu\/index.php\/wp-json\/wp\/v2\/types\/page"}],"author":[{"embeddable":true,"href":"https:\/\/karakter2000.hu\/index.php\/wp-json\/wp\/v2\/users\/1"}],"replies":[{"embeddable":true,"href":"https:\/\/karakter2000.hu\/index.php\/wp-json\/wp\/v2\/comments?post=97"}],"version-history":[{"count":36,"href":"https:\/\/karakter2000.hu\/index.php\/wp-json\/wp\/v2\/pages\/97\/revisions"}],"predecessor-version":[{"id":580,"href":"https:\/\/karakter2000.hu\/index.php\/wp-json\/wp\/v2\/pages\/97\/revisions\/580"}],"wp:featuredmedia":[{"embeddable":true,"href":"https:\/\/karakter2000.hu\/index.php\/wp-json\/wp\/v2\/media\/110"}],"wp:attachment":[{"href":"https:\/\/karakter2000.hu\/index.php\/wp-json\/wp\/v2\/media?parent=97"}],"curies":[{"name":"wp","href":"https:\/\/api.w.org\/{rel}","templated":true}]}}