{"id":99,"date":"2016-02-25T14:00:23","date_gmt":"2016-02-25T13:00:23","guid":{"rendered":"http:\/\/localhost\/wordpress\/?page_id=99"},"modified":"2018-03-08T18:53:10","modified_gmt":"2018-03-08T17:53:10","slug":"gyartas","status":"publish","type":"page","link":"https:\/\/karakter2000.hu\/index.php\/gyartas\/","title":{"rendered":"Gy\u00e1rt\u00e1s"},"content":{"rendered":"<h2>Gy\u00e1rt\u00e1s<\/h2>\n<p>A gy\u00e1rt\u00e1s, termel\u00e9sir\u00e1ny\u00edt\u00e1s a v\u00e1llalkoz\u00e1sok <a href=\"http:\/\/karakter2000.hu\/index.php\/ellenorzes\/\">ir\u00e1ny\u00edt\u00e1sa <\/a>sor\u00e1n az egyik legnagyobb kih\u00edv\u00e1s. Ossza meg vel\u00fcnk a terhet, hogy \u00d6n mindig a l\u00e9nyegre koncentr\u00e1lhasson!<\/p>\n<ul style=\"list-style-type: square;\">\n<li>Diszkr\u00e9t vagy folyamatos termel\u00e9s<\/li>\n<li>Gy\u00e1rt\u00e1si tev\u00e9kenys\u00e9g k\u00f6zvetlen\u00fcl rendel\u00e9sre vagy rakt\u00e1rra<\/li>\n<li>Er\u0151forr\u00e1s tervez\u00e9s (ERP)<\/li>\n<li>Folyamat alap\u00fa gy\u00e1rt\u00e1si modell<\/li>\n<li>Gy\u00e1rt\u00e1si folyamatok digit\u00e1lis k\u00f6vet\u00e9se<\/li>\n<li>Elektronikus eszk\u00f6z\u00f6k (pl. elektronikus m\u00e9rlegek) integr\u00e1l\u00e1sa \u00e9s vez\u00e9rl\u00e9se a gy\u00e1rt\u00e1si folyamatokba<\/li>\n<li>Min\u0151s\u00e9g ellen\u0151rz\u00e9s, analitikai t\u00e1mogat\u00e1s az alapanyag be\u00e9rkez\u00e9st\u0151l a k\u00e9szterm\u00e9k \u00e9rt\u00e9kes\u00edt\u00e9s\u00e9ig<\/li>\n<li>Egyedi gy\u00e1rt\u00e1stechnol\u00f3giai le\u00edr\u00e1sok<\/li>\n<li>Alap- \u00e9s csomagol\u00f3anyagok, term\u00e9kek egyedi azonos\u00edt\u00e1sa, szerilaiz\u00e1ci\u00f3<\/li>\n<li>K\u00f6zvetlen, integr\u00e1ns kapcsolat a logisztikai, p\u00e9nz\u00fcgyi modulokkal<\/li>\n<\/ul>\n<p style=\"text-align: center;\"><span style=\"color: #3366ff;\"><strong>\u00c9s ez csak az alap!<\/strong><\/span><\/p>\n<table style=\"height: 118px;\" width=\"748\">\n<tbody>\n<tr>\n<td style=\"text-align: center; vertical-align: middle;\"><img loading=\"lazy\" decoding=\"async\" class=\"wp-image-234 aligncenter\" src=\"\/wp-content\/uploads\/2016\/02\/telefon_icon.png\" alt=\"\" width=\"79\" height=\"84\" \/><\/td>\n<td>\n<h4 style=\"text-align: center;\"><strong>Siker\u00fclt felkelten\u00fcnk az \u00e9rdekl\u0151d\u00e9s\u00e9t?<br \/>\nKeressen meg <a href=\"\/index.php\/kapcsolat\/\">minket<\/a>,<br \/>\n<\/strong><strong> hogy egy\u00fctt m\u00e9g sikeresebbek legy\u00fcnk!<\/strong><\/h4>\n<\/td>\n<td style=\"text-align: center; vertical-align: middle;\"><img loading=\"lazy\" decoding=\"async\" class=\"wp-image-234 aligncenter\" src=\"\/wp-content\/uploads\/2016\/02\/telefon_icon.png\" alt=\"\" width=\"79\" height=\"84\" \/><\/td>\n<\/tr>\n<\/tbody>\n<\/table>\n<p>&nbsp;<\/p>\n","protected":false},"excerpt":{"rendered":"<p>Gy\u00e1rt\u00e1s A gy\u00e1rt\u00e1s, termel\u00e9sir\u00e1ny\u00edt\u00e1s a v\u00e1llalkoz\u00e1sok ir\u00e1ny\u00edt\u00e1sa sor\u00e1n az egyik legnagyobb kih\u00edv\u00e1s. Ossza meg vel\u00fcnk a terhet, hogy \u00d6n mindig a l\u00e9nyegre koncentr\u00e1lhasson! Diszkr\u00e9t vagy folyamatos termel\u00e9s Gy\u00e1rt\u00e1si tev\u00e9kenys\u00e9g k\u00f6zvetlen\u00fcl rendel\u00e9sre vagy rakt\u00e1rra Er\u0151forr\u00e1s tervez\u00e9s (ERP) Folyamat alap\u00fa gy\u00e1rt\u00e1si modell Gy\u00e1rt\u00e1si folyamatok digit\u00e1lis k\u00f6vet\u00e9se Elektronikus eszk\u00f6z\u00f6k (pl. elektronikus m\u00e9rlegek) integr\u00e1l\u00e1sa \u00e9s vez\u00e9rl\u00e9se a gy\u00e1rt\u00e1si folyamatokba<\/p>\n","protected":false},"author":1,"featured_media":112,"parent":0,"menu_order":0,"comment_status":"closed","ping_status":"closed","template":"","meta":{"footnotes":""},"yoast_head":"<!-- This site is optimized with the Yoast SEO plugin v22.4 - https:\/\/yoast.com\/wordpress\/plugins\/seo\/ -->\n<title>Gy\u00e1rt\u00e1s - Karakter 2000 Kft.<\/title>\n<meta name=\"description\" content=\"Saj\u00e1t term\u00e9keit \u00e1ll\u00edtja el\u0151 vagy b\u00e9rgy\u00e1rt\u00e1si tev\u00e9kenys\u00e9get v\u00e9gez? Megoldjuk mind kett\u0151t az alapanyag beszerz\u00e9st\u0151l a gy\u00e1rt\u00e1s elv\u00e9gz\u00e9s\u00e9n \u00e1t a k\u00e9szterm\u00e9k \u00e9rt\u00e9kes\u00edt\u00e9sig.\" \/>\n<meta name=\"robots\" content=\"index, follow, max-snippet:-1, max-image-preview:large, max-video-preview:-1\" \/>\n<link rel=\"canonical\" href=\"https:\/\/karakter2000.hu\/index.php\/gyartas\/\" \/>\n<meta name=\"twitter:label1\" content=\"Becs\u00fclt olvas\u00e1si id\u0151\" \/>\n\t<meta name=\"twitter:data1\" content=\"1 perc\" \/>\n<script type=\"application\/ld+json\" class=\"yoast-schema-graph\">{\"@context\":\"https:\/\/schema.org\",\"@graph\":[{\"@type\":\"WebPage\",\"@id\":\"https:\/\/karakter2000.hu\/index.php\/gyartas\/\",\"url\":\"https:\/\/karakter2000.hu\/index.php\/gyartas\/\",\"name\":\"Gy\u00e1rt\u00e1s - Karakter 2000 Kft.\",\"isPartOf\":{\"@id\":\"https:\/\/karakter2000.hu\/#website\"},\"primaryImageOfPage\":{\"@id\":\"https:\/\/karakter2000.hu\/index.php\/gyartas\/#primaryimage\"},\"image\":{\"@id\":\"https:\/\/karakter2000.hu\/index.php\/gyartas\/#primaryimage\"},\"thumbnailUrl\":\"https:\/\/karakter2000.hu\/wp-content\/uploads\/2016\/02\/chemical_factory.gif\",\"datePublished\":\"2016-02-25T13:00:23+00:00\",\"dateModified\":\"2018-03-08T17:53:10+00:00\",\"description\":\"Saj\u00e1t term\u00e9keit \u00e1ll\u00edtja el\u0151 vagy b\u00e9rgy\u00e1rt\u00e1si tev\u00e9kenys\u00e9get v\u00e9gez? Megoldjuk mind kett\u0151t az alapanyag beszerz\u00e9st\u0151l a gy\u00e1rt\u00e1s elv\u00e9gz\u00e9s\u00e9n \u00e1t a k\u00e9szterm\u00e9k \u00e9rt\u00e9kes\u00edt\u00e9sig.\",\"breadcrumb\":{\"@id\":\"https:\/\/karakter2000.hu\/index.php\/gyartas\/#breadcrumb\"},\"inLanguage\":\"hu\",\"potentialAction\":[{\"@type\":\"ReadAction\",\"target\":[\"https:\/\/karakter2000.hu\/index.php\/gyartas\/\"]}]},{\"@type\":\"ImageObject\",\"inLanguage\":\"hu\",\"@id\":\"https:\/\/karakter2000.hu\/index.php\/gyartas\/#primaryimage\",\"url\":\"https:\/\/karakter2000.hu\/wp-content\/uploads\/2016\/02\/chemical_factory.gif\",\"contentUrl\":\"https:\/\/karakter2000.hu\/wp-content\/uploads\/2016\/02\/chemical_factory.gif\",\"width\":1003,\"height\":253,\"caption\":\"Gy\u00e1rt\u00e1s\"},{\"@type\":\"BreadcrumbList\",\"@id\":\"https:\/\/karakter2000.hu\/index.php\/gyartas\/#breadcrumb\",\"itemListElement\":[{\"@type\":\"ListItem\",\"position\":1,\"name\":\"Home\",\"item\":\"https:\/\/karakter2000.hu\/\"},{\"@type\":\"ListItem\",\"position\":2,\"name\":\"Gy\u00e1rt\u00e1s\"}]},{\"@type\":\"WebSite\",\"@id\":\"https:\/\/karakter2000.hu\/#website\",\"url\":\"https:\/\/karakter2000.hu\/\",\"name\":\"Karakter 2000 Kft.\",\"description\":\"Tudjuk a megold\u00e1st \u00e9s meg is osztjuk \u00d6nnel!\",\"potentialAction\":[{\"@type\":\"SearchAction\",\"target\":{\"@type\":\"EntryPoint\",\"urlTemplate\":\"https:\/\/karakter2000.hu\/?s={search_term_string}\"},\"query-input\":\"required name=search_term_string\"}],\"inLanguage\":\"hu\"}]}<\/script>\n<!-- \/ Yoast SEO plugin. -->","yoast_head_json":{"title":"Gy\u00e1rt\u00e1s - Karakter 2000 Kft.","description":"Saj\u00e1t term\u00e9keit \u00e1ll\u00edtja el\u0151 vagy b\u00e9rgy\u00e1rt\u00e1si tev\u00e9kenys\u00e9get v\u00e9gez? Megoldjuk mind kett\u0151t az alapanyag beszerz\u00e9st\u0151l a gy\u00e1rt\u00e1s elv\u00e9gz\u00e9s\u00e9n \u00e1t a k\u00e9szterm\u00e9k \u00e9rt\u00e9kes\u00edt\u00e9sig.","robots":{"index":"index","follow":"follow","max-snippet":"max-snippet:-1","max-image-preview":"max-image-preview:large","max-video-preview":"max-video-preview:-1"},"canonical":"https:\/\/karakter2000.hu\/index.php\/gyartas\/","twitter_misc":{"Becs\u00fclt olvas\u00e1si id\u0151":"1 perc"},"schema":{"@context":"https:\/\/schema.org","@graph":[{"@type":"WebPage","@id":"https:\/\/karakter2000.hu\/index.php\/gyartas\/","url":"https:\/\/karakter2000.hu\/index.php\/gyartas\/","name":"Gy\u00e1rt\u00e1s - Karakter 2000 Kft.","isPartOf":{"@id":"https:\/\/karakter2000.hu\/#website"},"primaryImageOfPage":{"@id":"https:\/\/karakter2000.hu\/index.php\/gyartas\/#primaryimage"},"image":{"@id":"https:\/\/karakter2000.hu\/index.php\/gyartas\/#primaryimage"},"thumbnailUrl":"https:\/\/karakter2000.hu\/wp-content\/uploads\/2016\/02\/chemical_factory.gif","datePublished":"2016-02-25T13:00:23+00:00","dateModified":"2018-03-08T17:53:10+00:00","description":"Saj\u00e1t term\u00e9keit \u00e1ll\u00edtja el\u0151 vagy b\u00e9rgy\u00e1rt\u00e1si tev\u00e9kenys\u00e9get v\u00e9gez? Megoldjuk mind kett\u0151t az alapanyag beszerz\u00e9st\u0151l a gy\u00e1rt\u00e1s elv\u00e9gz\u00e9s\u00e9n \u00e1t a k\u00e9szterm\u00e9k \u00e9rt\u00e9kes\u00edt\u00e9sig.","breadcrumb":{"@id":"https:\/\/karakter2000.hu\/index.php\/gyartas\/#breadcrumb"},"inLanguage":"hu","potentialAction":[{"@type":"ReadAction","target":["https:\/\/karakter2000.hu\/index.php\/gyartas\/"]}]},{"@type":"ImageObject","inLanguage":"hu","@id":"https:\/\/karakter2000.hu\/index.php\/gyartas\/#primaryimage","url":"https:\/\/karakter2000.hu\/wp-content\/uploads\/2016\/02\/chemical_factory.gif","contentUrl":"https:\/\/karakter2000.hu\/wp-content\/uploads\/2016\/02\/chemical_factory.gif","width":1003,"height":253,"caption":"Gy\u00e1rt\u00e1s"},{"@type":"BreadcrumbList","@id":"https:\/\/karakter2000.hu\/index.php\/gyartas\/#breadcrumb","itemListElement":[{"@type":"ListItem","position":1,"name":"Home","item":"https:\/\/karakter2000.hu\/"},{"@type":"ListItem","position":2,"name":"Gy\u00e1rt\u00e1s"}]},{"@type":"WebSite","@id":"https:\/\/karakter2000.hu\/#website","url":"https:\/\/karakter2000.hu\/","name":"Karakter 2000 Kft.","description":"Tudjuk a megold\u00e1st \u00e9s meg is osztjuk \u00d6nnel!","potentialAction":[{"@type":"SearchAction","target":{"@type":"EntryPoint","urlTemplate":"https:\/\/karakter2000.hu\/?s={search_term_string}"},"query-input":"required name=search_term_string"}],"inLanguage":"hu"}]}},"post_mailing_queue_ids":[],"_links":{"self":[{"href":"https:\/\/karakter2000.hu\/index.php\/wp-json\/wp\/v2\/pages\/99"}],"collection":[{"href":"https:\/\/karakter2000.hu\/index.php\/wp-json\/wp\/v2\/pages"}],"about":[{"href":"https:\/\/karakter2000.hu\/index.php\/wp-json\/wp\/v2\/types\/page"}],"author":[{"embeddable":true,"href":"https:\/\/karakter2000.hu\/index.php\/wp-json\/wp\/v2\/users\/1"}],"replies":[{"embeddable":true,"href":"https:\/\/karakter2000.hu\/index.php\/wp-json\/wp\/v2\/comments?post=99"}],"version-history":[{"count":26,"href":"https:\/\/karakter2000.hu\/index.php\/wp-json\/wp\/v2\/pages\/99\/revisions"}],"predecessor-version":[{"id":795,"href":"https:\/\/karakter2000.hu\/index.php\/wp-json\/wp\/v2\/pages\/99\/revisions\/795"}],"wp:featuredmedia":[{"embeddable":true,"href":"https:\/\/karakter2000.hu\/index.php\/wp-json\/wp\/v2\/media\/112"}],"wp:attachment":[{"href":"https:\/\/karakter2000.hu\/index.php\/wp-json\/wp\/v2\/media?parent=99"}],"curies":[{"name":"wp","href":"https:\/\/api.w.org\/{rel}","templated":true}]}}